{"id":898,"date":"2019-04-19T09:39:19","date_gmt":"2019-04-19T09:39:19","guid":{"rendered":"http:\/\/www.impc.fr\/?page_id=898"},"modified":"2026-02-24T21:52:03","modified_gmt":"2026-02-24T21:52:03","slug":"radiology-center-paris","status":"publish","type":"page","link":"https:\/\/www.impc.fr\/en\/centre-radiologie-paris\/","title":{"rendered":"Radiology centers Paris IMPC"},"content":{"rendered":"<p>[et_pb_section fb_built=\u00a0\u00bb1&Prime; _builder_version=\u00a0\u00bb4.27.4&Prime; background_color=\u00a0\u00bb#f2f2f2&Prime; custom_padding=\u00a0\u00bb46px||0px|||\u00a0\u00bb locked=\u00a0\u00bboff\u00a0\u00bb global_colors_info=\u00a0\u00bb{}\u00a0\u00bb][et_pb_row _builder_version=\u00a0\u00bb4.27.5&Prime; _module_preset=\u00a0\u00bbdefault\u00a0\u00bb background_enable_color=\u00a0\u00bboff\u00a0\u00bb width=\u00a0\u00bb70%\u00a0\u00bb width_tablet=\u00a0\u00bb87%\u00a0\u00bb width_phone=\u00a0\u00bb100%\u00a0\u00bb width_last_edited=\u00a0\u00bbon|phone\u00a0\u00bb max_width=\u00a0\u00bb100%\u00a0\u00bb custom_margin=\u00a0\u00bb-44px|auto|4px|auto|false|false\u00a0\u00bb custom_margin_tablet=\u00a0\u00bb\u00a0\u00bb custom_margin_phone=\u00a0\u00bb-50px|20px|7px|20px|false|true\u00a0\u00bb custom_margin_last_edited=\u00a0\u00bbon|phone\u00a0\u00bb custom_padding=\u00a0\u00bb59px|||||\u00a0\u00bb locked=\u00a0\u00bboff\u00a0\u00bb global_colors_info=\u00a0\u00bb{}\u00a0\u00bb][et_pb_column type=\u00a0\u00bb4_4&Prime; _builder_version=\u00a0\u00bb4.27.4&Prime; _module_preset=\u00a0\u00bbdefault\u00a0\u00bb global_colors_info=\u00a0\u00bb{}\u00a0\u00bb][et_pb_text admin_label=\u00a0\u00bbTitle\u00a0\u00bb _builder_version=\u00a0\u00bb4.27.5&Prime; text_font=\u00a0\u00bb&#8211;et_global_body_font||||||||\u00a0\u00bb text_text_color=\u00a0\u00bb#000000&Prime; text_font_size=\u00a0\u00bb20px\u00a0\u00bb header_font=\u00a0\u00bbMontserrat|600|||||||\u00a0\u00bb header_text_color=\u00a0\u00bb#007bff\u00a0\u00bb header_font_size=\u00a0\u00bb36px\u00a0\u00bb header_line_height=\u00a0\u00bb1.1em\u00a0\u00bb header_2_font=\u00a0\u00bbMontserrat||||||||\u00a0\u00bb header_2_text_color=\u00a0\u00bb#ffffff\u00a0\u00bb header_2_font_size=\u00a0\u00bb42px\u00a0\u00bb header_2_letter_spacing=\u00a0\u00bb11px\u00a0\u00bb header_3_font=\u00a0\u00bb||||||||\u00a0\u00bb header_3_text_color=\u00a0\u00bb#ffcc00&Prime; header_3_font_size=\u00a0\u00bb28px\u00a0\u00bb background_layout=\u00a0\u00bbdark\u00a0\u00bb custom_margin=\u00a0\u00bb9px||79px||false|true\u00a0\u00bb custom_margin_tablet=\u00a0\u00bb9px||20px||false|true\u00a0\u00bb custom_margin_phone=\u00a0\u00bb0px|13px|8px|13px|false|true\u00a0\u00bb custom_margin_last_edited=\u00a0\u00bbon|phone\u00a0\u00bb custom_padding=\u00a0\u00bb|4px||0px|false|false\u00a0\u00bb animation_style=\u00a0\u00bbzoom\u00a0\u00bb animation_direction=\u00a0\u00bbleft\u00a0\u00bb animation_intensity_zoom=\u00a0\u00bb10%\u00a0\u00bb hover_enabled=\u00a0\u00bb0&Prime; text_font_size_tablet=\u00a0\u00bb20px\u00a0\u00bb text_font_size_phone=\u00a0\u00bb19px\u00a0\u00bb text_font_size_last_edited=\u00a0\u00bbon|phone\u00a0\u00bb header_font_size_tablet=\u00a0\u00bb\u00a0\u00bb header_font_size_phone=\u00a0\u00bb29px\u00a0\u00bb header_font_size_last_edited=\u00a0\u00bbon|phone\u00a0\u00bb global_colors_info=\u00a0\u00bb{}\u00a0\u00bb sticky_enabled=\u00a0\u00bb0&Prime;]<\/p>\n<h1 style=\"text-align: left;\">LES CENTRES IMPC<\/h1>\n<p>Nos cabinets d&rsquo;imagerie m\u00e9dicales en plein coeur de Paris<\/p>\n<p>[\/et_pb_text][\/et_pb_column][\/et_pb_row][\/et_pb_section][et_pb_section fb_built=\u00a0\u00bb1&Prime; _builder_version=\u00a0\u00bb4.16&Prime; custom_padding=\u00a0\u00bb0px|||||\u00a0\u00bb global_colors_info=\u00a0\u00bb{}\u00a0\u00bb][et_pb_row column_structure=\u00a0\u00bb1_2,1_2&Prime; use_custom_gutter=\u00a0\u00bbon\u00a0\u00bb gutter_width=\u00a0\u00bb2&Prime; module_class=\u00a0\u00bb et_pb_row_fullwidth\u00a0\u00bb _builder_version=\u00a0\u00bb4.27.5&Prime; width=\u00a0\u00bb70%\u00a0\u00bb width_tablet=\u00a0\u00bb80%\u00a0\u00bb width_phone=\u00a0\u00bb92%\u00a0\u00bb width_last_edited=\u00a0\u00bbon|desktop\u00a0\u00bb max_width=\u00a0\u00bb89%\u00a0\u00bb max_width_tablet=\u00a0\u00bb80%\u00a0\u00bb max_width_phone=\u00a0\u00bb101%\u00a0\u00bb max_width_last_edited=\u00a0\u00bbon|desktop\u00a0\u00bb custom_padding=\u00a0\u00bb35px|0px|27px|0px|false|false\u00a0\u00bb hover_enabled=\u00a0\u00bb0&Prime; make_fullwidth=\u00a0\u00bbon\u00a0\u00bb locked=\u00a0\u00bboff\u00a0\u00bb global_colors_info=\u00a0\u00bb{}\u00a0\u00bb sticky_enabled=\u00a0\u00bb0&Prime;][et_pb_column type=\u00a0\u00bb1_2&Prime; _builder_version=\u00a0\u00bb4.16&Prime; custom_padding=\u00a0\u00bb|||\u00a0\u00bb global_colors_info=\u00a0\u00bb{}\u00a0\u00bb custom_padding__hover=\u00a0\u00bb|||\u00a0\u00bb][et_pb_toggle title=\u00a0\u00bb1. IRM &#8211; SCANNER &#8211; INFILTRATIONS &#8211; ECHOGRAPHIE\u00a0\u00bb closed_toggle_background_color=\u00a0\u00bbrgba(127,127,127,0.3)\u00a0\u00bb icon_color=\u00a0\u00bb#FFFFFF\u00a0\u00bb open_icon_color=\u00a0\u00bb#004D77&Prime; _builder_version=\u00a0\u00bb4.27.5&Prime; title_text_color=\u00a0\u00bb#0e21f2&Prime; title_level=\u00a0\u00bbh2&Prime; title_font=\u00a0\u00bbMontserrat||||||||\u00a0\u00bb title_font_size=\u00a0\u00bb20px\u00a0\u00bb title_line_height=\u00a0\u00bb1.2em\u00a0\u00bb border_radii=\u00a0\u00bbon|4px|4px|4px|4px\u00a0\u00bb global_colors_info=\u00a0\u00bb{}\u00a0\u00bb]<\/p>\n<p><a href=\"https:\/\/goo.gl\/maps\/YkNxsaA2EyvX5tCU6\" target=\"_blank\" rel=\"noopener noreferrer\" title=\"SCANNER PARIS\">\u00a0 <img loading=\"lazy\" decoding=\"async\" src=\"https:\/\/www.impc.fr\/wp-content\/uploads\/2019\/04\/maps-ico.png\" width=\"22\" height=\"29\" alt=\"\" class=\"wp-image-906 alignnone size-full\" \/><\/a>\u00a0 \u00a0<a href=\"https:\/\/goo.gl\/maps\/YkNxsaA2EyvX5tCU6\" target=\"_blank\" rel=\"noopener noreferrer\"><strong>SCANNER<\/strong> &#8211; 12, rue Bachaumont, 75002<\/a><\/p>\n<p><a href=\"https:\/\/goo.gl\/maps\/VCXwfPdA1j7CmKHj6\" target=\"_blank\" rel=\"noopener noreferrer\" title=\"IRM PARIS\">\u00a0\u00a0<img loading=\"lazy\" decoding=\"async\" src=\"https:\/\/www.impc.fr\/wp-content\/uploads\/2019\/04\/maps-ico.png\" width=\"22\" height=\"29\" alt=\"\" class=\"wp-image-906 alignnone size-full\" \/><\/a>\u00a0 \u00a0<a href=\"https:\/\/goo.gl\/maps\/VCXwfPdA1j7CmKHj6\" target=\"_blank\" rel=\"noopener noreferrer\"><strong>IRM<\/strong> &#8211; 6 rue Bachaumont, 75002<\/a><\/p>\n<p><strong><a href=\"https:\/\/goo.gl\/maps\/dRxNHY7AB2q87LzP8\" target=\"_blank\" rel=\"noopener noreferrer\" title=\"RADIOLOGIE PARIS\">\u00a0\u00a0<img loading=\"lazy\" decoding=\"async\" src=\"https:\/\/www.impc.fr\/wp-content\/uploads\/2019\/04\/maps-ico.png\" width=\"22\" height=\"29\" alt=\"\" class=\"wp-image-906 alignnone size-full\" \/><\/a>\u00a0 \u00a0<a href=\"https:\/\/goo.gl\/maps\/dRxNHY7AB2q87LzP8\" target=\"_blank\" rel=\"noopener noreferrer\">Mammographie &#8211; Radiographie &#8211; Echographie &#8211; Ost\u00e9odensitom\u00e9trie &#8211;\u00a0<\/a><\/strong><a href=\"https:\/\/goo.gl\/maps\/dRxNHY7AB2q87LzP8\" target=\"_blank\" rel=\"noopener noreferrer\">80 rue Montmartre, 75002<\/a><\/p>\n<p>[\/et_pb_toggle][et_pb_toggle title=\u00a0\u00bb2. IRM &#8211; SCANNER &#8211; RADIOGRAPHIE &#8211; ECHOGRAPHIE\u00a0\u00bb closed_toggle_background_color=\u00a0\u00bbrgba(127,127,127,0.3)\u00a0\u00bb icon_color=\u00a0\u00bb#ffffff\u00a0\u00bb open_icon_color=\u00a0\u00bb#004D77&Prime; _builder_version=\u00a0\u00bb4.27.4&Prime; title_text_color=\u00a0\u00bb#ff0f3b\u00a0\u00bb title_level=\u00a0\u00bbh2&Prime; title_font=\u00a0\u00bbMontserrat||||||||\u00a0\u00bb title_font_size=\u00a0\u00bb20px\u00a0\u00bb title_line_height=\u00a0\u00bb1.2em\u00a0\u00bb border_radii=\u00a0\u00bbon|4px|4px|4px|4px\u00a0\u00bb global_colors_info=\u00a0\u00bb{}\u00a0\u00bb]<\/p>\n<p><span style=\"font-size: 14px;\"><a href=\"https:\/\/goo.gl\/maps\/dh4BsHmt2YPokbTt8\" target=\"_blank\" rel=\"noopener noreferrer\" title=\"RADIOLOGIE PARIS 15\"><img loading=\"lazy\" decoding=\"async\" src=\"https:\/\/www.impc.fr\/wp-content\/uploads\/2019\/04\/maps-ico.png\" width=\"23\" height=\"31\" alt=\"\" class=\"wp-image-906 alignnone size-full\" \/><\/a>\u00a0 \u00a0<a href=\"https:\/\/goo.gl\/maps\/ZVXo2n5HyUhntgvd7\" target=\"_blank\" rel=\"noopener noreferrer\">\u00a0<strong>Clinique de Blomet &#8211; P\u00f4le Imagerie M\u00e9dical &#8211;\u00a0<\/strong>136bis, rue de Blomet, Paris 75015<\/a><\/span><\/p>\n<p>[\/et_pb_toggle][et_pb_toggle title=\u00a0\u00bb3. RADIOGRAPHIE &#8211; ECHOGRAPHIE &#8211; INFILTRATIONS\u00a0\u00bb closed_toggle_background_color=\u00a0\u00bbrgba(127,127,127,0.3)\u00a0\u00bb icon_color=\u00a0\u00bb#ffffff\u00a0\u00bb open_icon_color=\u00a0\u00bb#004D77&Prime; _builder_version=\u00a0\u00bb4.27.4&Prime; title_level=\u00a0\u00bbh2&Prime; title_font=\u00a0\u00bbMontserrat||||||||\u00a0\u00bb title_font_size=\u00a0\u00bb20px\u00a0\u00bb title_line_height=\u00a0\u00bb1.2em\u00a0\u00bb border_radii=\u00a0\u00bbon|4px|4px|4px|4px\u00a0\u00bb global_colors_info=\u00a0\u00bb{}\u00a0\u00bb]<\/p>\n<p><span style=\"font-size: 14px;\"><a href=\"https:\/\/goo.gl\/maps\/z6sTVFtHarvbf9NQA\" target=\"_blank\" rel=\"noopener noreferrer\" title=\"RADIOLOGIE PARIS 20\"><img loading=\"lazy\" decoding=\"async\" src=\"https:\/\/www.impc.fr\/wp-content\/uploads\/2019\/04\/maps-ico.png\" width=\"24\" height=\"32\" alt=\"\" class=\"wp-image-906 alignnone size-full\" \/><\/a>\u00a0 \u00a0<a href=\"https:\/\/goo.gl\/maps\/z6sTVFtHarvbf9NQA\" target=\"_blank\" rel=\"noopener noreferrer\"><strong>Centre de Radiologie IMPC &#8211;\u00a0<\/strong>100 boulevard de Belleville, Paris 75002<\/a><\/span><\/p>\n<p>[\/et_pb_toggle][et_pb_toggle title=\u00a0\u00bb4. IRM &#8211; ECHOGRAPHIE &#8211; INFILTRATIONS\u00a0\u00bb closed_toggle_background_color=\u00a0\u00bbrgba(127,127,127,0.3)\u00a0\u00bb icon_color=\u00a0\u00bb#ffffff\u00a0\u00bb open_icon_color=\u00a0\u00bb#004D77&Prime; _builder_version=\u00a0\u00bb4.27.4&Prime; title_text_color=\u00a0\u00bb#c40eed\u00a0\u00bb title_level=\u00a0\u00bbh2&Prime; title_font=\u00a0\u00bbMontserrat||||||||\u00a0\u00bb title_font_size=\u00a0\u00bb20px\u00a0\u00bb title_line_height=\u00a0\u00bb1.2em\u00a0\u00bb custom_margin=\u00a0\u00bb-12px||29px|||\u00a0\u00bb border_radii=\u00a0\u00bbon|4px|4px|4px|4px\u00a0\u00bb global_colors_info=\u00a0\u00bb{}\u00a0\u00bb]<\/p>\n<p><strong><a href=\"https:\/\/goo.gl\/maps\/Ty6AiGmZnXoMSpYp8\" target=\"_blank\" rel=\"noopener noreferrer\" title=\"RADIOLOGIE PARIS 09\"><img loading=\"lazy\" decoding=\"async\" src=\"https:\/\/www.impc.fr\/wp-content\/uploads\/2019\/04\/maps-ico.png\" width=\"26\" height=\"35\" alt=\"\" class=\"wp-image-906 alignnone size-full\" \/><\/a>\u00a0 \u00a0 <a href=\"https:\/\/g.page\/CliniqueDrouot?share\" target=\"_blank\" rel=\"noopener noreferrer\">Clinique Drouot &#8211; P\u00f4le Imagerie M\u00e9dicale &#8211;\u00a0<\/a><\/strong><span style=\"font-size: 14px;\"><a href=\"https:\/\/g.page\/CliniqueDrouot?share\" target=\"_blank\" rel=\"noopener noreferrer\">20 rue laffitte, Paris 75009<\/a><\/span><\/p>\n<p>[\/et_pb_toggle][et_pb_toggle title=\u00a0\u00bb5. IRM &#8211; SCANNER &#8211; RADIOGRAPHIE &#8211; ECHOGRAPHIE\u00a0\u00bb closed_toggle_background_color=\u00a0\u00bbrgba(127,127,127,0.3)\u00a0\u00bb icon_color=\u00a0\u00bb#ffffff\u00a0\u00bb open_icon_color=\u00a0\u00bb#004D77&Prime; _builder_version=\u00a0\u00bb4.27.4&Prime; title_text_color=\u00a0\u00bb#ff8300&Prime; title_level=\u00a0\u00bbh2&Prime; title_font=\u00a0\u00bbMontserrat||||||||\u00a0\u00bb title_font_size=\u00a0\u00bb20px\u00a0\u00bb title_line_height=\u00a0\u00bb1.2em\u00a0\u00bb border_radii=\u00a0\u00bbon|4px|4px|4px|4px\u00a0\u00bb global_colors_info=\u00a0\u00bb{}\u00a0\u00bb]<\/p>\n<p><a href=\"https:\/\/goo.gl\/maps\/dh4BsHmt2YPokbTt8\" target=\"_blank\" rel=\"noopener noreferrer\" title=\"RADIOLOGIE PARIS 15\"><img loading=\"lazy\" decoding=\"async\" src=\"https:\/\/www.impc.fr\/wp-content\/uploads\/2019\/04\/maps-ico.png\" width=\"23\" height=\"31\" alt=\"\" class=\"wp-image-906 alignnone size-full\" \/><\/a>\u00a0 \u00a0\u00a0<a href=\"https:\/\/g.page\/polesantebergere?share\" target=\"_blank\" rel=\"noopener noreferrer\"><strong>P\u00f4le Sant\u00e9 Berg\u00e8re &#8211;\u00a0<\/strong><span style=\"font-size: 14px;\">7, rue berg\u00e8re, Paris 75009<\/span><\/a><\/p>\n<p>[\/et_pb_toggle][et_pb_toggle title=\u00a0\u00bb6. RADIOLOGIE 3D &#8211; EOS\u00a0\u00bb closed_toggle_background_color=\u00a0\u00bbrgba(127,127,127,0.3)\u00a0\u00bb icon_color=\u00a0\u00bb#ffffff\u00a0\u00bb open_icon_color=\u00a0\u00bb#004D77&Prime; _builder_version=\u00a0\u00bb4.27.4&Prime; title_text_color=\u00a0\u00bb#22c922&Prime; title_level=\u00a0\u00bbh2&Prime; title_font=\u00a0\u00bbMontserrat||||||||\u00a0\u00bb title_font_size=\u00a0\u00bb20px\u00a0\u00bb title_line_height=\u00a0\u00bb1.2em\u00a0\u00bb border_radii=\u00a0\u00bbon|4px|4px|4px|4px\u00a0\u00bb global_colors_info=\u00a0\u00bb{}\u00a0\u00bb]<\/p>\n<p><strong><a href=\"https:\/\/goo.gl\/maps\/7mRARXEghfZgjddi9\" target=\"_blank\" rel=\"noopener noreferrer\" title=\"RADIOLOGIE EOS PARIS 10\"><img loading=\"lazy\" decoding=\"async\" src=\"https:\/\/www.impc.fr\/wp-content\/uploads\/2019\/04\/maps-ico.png\" width=\"26\" height=\"35\" alt=\"\" class=\"wp-image-906 alignnone size-full\" \/><\/a>\u00a0 \u00a0 <a href=\"https:\/\/goo.gl\/maps\/oe6E3nqDHFR1KuZr5\" target=\"_blank\" rel=\"noopener noreferrer\">H\u00f4pital Lariboisi\u00e8re &#8211; Imagerie M\u00e9dicale 3D &#8211;\u00a0<\/a><\/strong><a href=\"https:\/\/goo.gl\/maps\/oe6E3nqDHFR1KuZr5\" target=\"_blank\" rel=\"noopener noreferrer\">2 rue Ambroise Par\u00e9, Paris 75010<\/a><\/p>\n<p>[\/et_pb_toggle][et_pb_toggle title=\u00a0\u00bb7. INSTITUT DE LA FEMME ET DE L&rsquo;ENDOM\u00c9TRIOSE\u00a0\u00bb closed_toggle_background_color=\u00a0\u00bbrgba(127,127,127,0.3)\u00a0\u00bb icon_color=\u00a0\u00bb#ffffff\u00a0\u00bb open_icon_color=\u00a0\u00bb#004D77&Prime; _builder_version=\u00a0\u00bb4.27.4&Prime; title_text_color=\u00a0\u00bb#ff02bb\u00a0\u00bb title_level=\u00a0\u00bbh2&Prime; title_font=\u00a0\u00bbMontserrat||||||||\u00a0\u00bb title_font_size=\u00a0\u00bb20px\u00a0\u00bb title_line_height=\u00a0\u00bb1.2em\u00a0\u00bb border_radii=\u00a0\u00bbon|4px|4px|4px|4px\u00a0\u00bb global_colors_info=\u00a0\u00bb{}\u00a0\u00bb]<\/p>\n<p><strong><a href=\"https:\/\/goo.gl\/maps\/jX2ex4TRo5KF8gXe8\" target=\"_blank\" rel=\"noopener noreferrer\" title=\"IFEEN PARIS 3\"><img loading=\"lazy\" decoding=\"async\" src=\"https:\/\/www.impc.fr\/wp-content\/uploads\/2019\/04\/maps-ico.png\" width=\"27\" height=\"36\" alt=\"\" class=\"wp-image-906 alignnone size-full\" \/><\/a>\u00a0 \u00a0 <a href=\"https:\/\/ifeen.fr\">Centre de la femme et de l&rsquo;endom\u00e9triose<\/a><\/strong><\/p>\n<p>[\/et_pb_toggle][et_pb_toggle title=\u00a0\u00bb8. IRM &#8211; SCANNER &#8211; RADIOGRAPHIE &#8211; ECHOGRAPHIE\u00a0\u00bb closed_toggle_background_color=\u00a0\u00bbrgba(127,127,127,0.3)\u00a0\u00bb icon_color=\u00a0\u00bb#ffffff\u00a0\u00bb open_icon_color=\u00a0\u00bb#004D77&Prime; _builder_version=\u00a0\u00bb4.27.4&Prime; title_text_color=\u00a0\u00bb#11aedd\u00a0\u00bb title_level=\u00a0\u00bbh2&Prime; title_font=\u00a0\u00bbMontserrat||||||||\u00a0\u00bb title_font_size=\u00a0\u00bb20px\u00a0\u00bb title_line_height=\u00a0\u00bb1.2em\u00a0\u00bb border_radii=\u00a0\u00bbon|4px|4px|4px|4px\u00a0\u00bb global_colors_info=\u00a0\u00bb{}\u00a0\u00bb]<\/p>\n<p><a href=\"https:\/\/maps.app.goo.gl\/Lj8vg5Y3f2y7zVYX9\"><strong><img loading=\"lazy\" decoding=\"async\" src=\"https:\/\/www.impc.fr\/wp-content\/uploads\/2019\/04\/maps-ico.png\" width=\"27\" height=\"36\" alt=\"\" class=\"wp-image-906 alignnone size-full\" \/> \u00a0<\/strong>Clinique priv\u00e9e de l&rsquo;Yvette &#8211; Maternit\u00e9 &#8211; Clinique chirurgicale<\/a><\/p>\n<p>[\/et_pb_toggle][et_pb_code _builder_version=\u00a0\u00bb4.27.4&Prime; _module_preset=\u00a0\u00bbdefault\u00a0\u00bb global_colors_info=\u00a0\u00bb{}\u00a0\u00bb][\/et_pb_code][\/et_pb_column][et_pb_column type=\u00a0\u00bb1_2&Prime; _builder_version=\u00a0\u00bb4.16&Prime; custom_padding=\u00a0\u00bb11px|||\u00a0\u00bb global_colors_info=\u00a0\u00bb{}\u00a0\u00bb custom_padding__hover=\u00a0\u00bb|||\u00a0\u00bb][et_pb_image src=\u00a0\u00bbhttps:\/\/www.impc.fr\/wp-content\/uploads\/2023\/06\/centre-radiologie-paris.png\u00a0\u00bb title_text=\u00a0\u00bbcentre-radiologie-paris\u00a0\u00bb align_tablet=\u00a0\u00bbcenter\u00a0\u00bb align_phone=\u00a0\u00bb\u00a0\u00bb align_last_edited=\u00a0\u00bbon|desktop\u00a0\u00bb _builder_version=\u00a0\u00bb4.27.4&Prime; custom_margin=\u00a0\u00bb-223px||||false|false\u00a0\u00bb custom_margin_tablet=\u00a0\u00bb0px||||false|false\u00a0\u00bb custom_margin_phone=\u00a0\u00bb0px||||false|false\u00a0\u00bb custom_margin_last_edited=\u00a0\u00bbon|desktop\u00a0\u00bb global_colors_info=\u00a0\u00bb{}\u00a0\u00bb][\/et_pb_image][\/et_pb_column][\/et_pb_row][\/et_pb_section]<\/p>\n","protected":false},"excerpt":{"rendered":"<p>LES CENTRES IMPC Nos cabinets d&rsquo;imagerie m\u00e9dicales en plein coeur de Paris\u00a0 \u00a0 \u00a0SCANNER &#8211; 12, rue Bachaumont, 75002 \u00a0\u00a0\u00a0 \u00a0IRM &#8211; 6 rue Bachaumont, 75002 \u00a0\u00a0\u00a0 \u00a0Mammographie &#8211; Radiographie &#8211; Echographie &#8211; Ost\u00e9odensitom\u00e9trie &#8211;\u00a080 rue Montmartre, 75002\u00a0 \u00a0\u00a0Clinique de Blomet &#8211; P\u00f4le Imagerie M\u00e9dical &#8211;\u00a0136bis, rue de Blomet, Paris 75015\u00a0 \u00a0Centre de Radiologie IMPC [&hellip;]<\/p>\n","protected":false},"author":1,"featured_media":0,"parent":0,"menu_order":0,"comment_status":"closed","ping_status":"closed","template":"","meta":{"_et_pb_use_builder":"on","_et_pb_old_content":"","_et_gb_content_width":"","footnotes":""},"class_list":["post-898","page","type-page","status-publish","hentry"],"yoast_head":"<!-- This site is optimized with the Yoast SEO plugin v27.5 - https:\/\/yoast.com\/product\/yoast-seo-wordpress\/ -->\n<title>Centres de radiologie Paris IMPC - Groupe IMPC - Imagerie M\u00e9dicale<\/title>\n<meta name=\"robots\" content=\"index, follow, max-snippet:-1, max-image-preview:large, max-video-preview:-1\" \/>\n<link rel=\"canonical\" href=\"https:\/\/www.impc.fr\/en\/radiology-center-paris\/\" \/>\n<meta property=\"og:locale\" content=\"en_US\" \/>\n<meta property=\"og:type\" content=\"article\" \/>\n<meta property=\"og:title\" content=\"Centres de radiologie Paris IMPC - Groupe IMPC - Imagerie M\u00e9dicale\" \/>\n<meta property=\"og:description\" content=\"LES CENTRES IMPC Nos cabinets d&#039;imagerie m\u00e9dicales en plein coeur de Paris\u00a0 \u00a0 \u00a0SCANNER - 12, rue Bachaumont, 75002 \u00a0\u00a0\u00a0 \u00a0IRM - 6 rue Bachaumont, 75002 \u00a0\u00a0\u00a0 \u00a0Mammographie - Radiographie - Echographie - Ost\u00e9odensitom\u00e9trie -\u00a080 rue Montmartre, 75002\u00a0 \u00a0\u00a0Clinique de Blomet - P\u00f4le Imagerie M\u00e9dical -\u00a0136bis, rue de Blomet, Paris 75015\u00a0 \u00a0Centre de Radiologie IMPC [&hellip;]\" \/>\n<meta property=\"og:url\" content=\"https:\/\/www.impc.fr\/en\/radiology-center-paris\/\" \/>\n<meta property=\"og:site_name\" content=\"Groupe IMPC - Imagerie M\u00e9dicale\" \/>\n<meta property=\"article:modified_time\" content=\"2026-02-24T21:52:03+00:00\" \/>\n<meta property=\"og:image\" content=\"https:\/\/www.impc.fr\/wp-content\/uploads\/2019\/04\/maps-ico.png\" \/>\n\t<meta property=\"og:image:width\" content=\"42\" \/>\n\t<meta property=\"og:image:height\" content=\"56\" \/>\n\t<meta property=\"og:image:type\" content=\"image\/png\" \/>\n<meta name=\"twitter:card\" content=\"summary_large_image\" \/>\n<meta name=\"twitter:label1\" content=\"Est. reading time\" \/>\n\t<meta name=\"twitter:data1\" content=\"5 minutes\" \/>\n<script type=\"application\/ld+json\" class=\"yoast-schema-graph\">{\"@context\":\"https:\\\/\\\/schema.org\",\"@graph\":[{\"@type\":\"WebPage\",\"@id\":\"https:\\\/\\\/www.impc.fr\\\/centre-radiologie-paris\\\/\",\"url\":\"https:\\\/\\\/www.impc.fr\\\/centre-radiologie-paris\\\/\",\"name\":\"Centres de radiologie Paris IMPC - Groupe IMPC - Imagerie M\u00e9dicale\",\"isPartOf\":{\"@id\":\"https:\\\/\\\/www.impc.fr\\\/#website\"},\"primaryImageOfPage\":{\"@id\":\"https:\\\/\\\/www.impc.fr\\\/centre-radiologie-paris\\\/#primaryimage\"},\"image\":{\"@id\":\"https:\\\/\\\/www.impc.fr\\\/centre-radiologie-paris\\\/#primaryimage\"},\"thumbnailUrl\":\"https:\\\/\\\/www.impc.fr\\\/wp-content\\\/uploads\\\/2019\\\/04\\\/maps-ico.png\",\"datePublished\":\"2019-04-19T09:39:19+00:00\",\"dateModified\":\"2026-02-24T21:52:03+00:00\",\"breadcrumb\":{\"@id\":\"https:\\\/\\\/www.impc.fr\\\/centre-radiologie-paris\\\/#breadcrumb\"},\"inLanguage\":\"en-US\",\"potentialAction\":[{\"@type\":\"ReadAction\",\"target\":[\"https:\\\/\\\/www.impc.fr\\\/centre-radiologie-paris\\\/\"]}]},{\"@type\":\"ImageObject\",\"inLanguage\":\"en-US\",\"@id\":\"https:\\\/\\\/www.impc.fr\\\/centre-radiologie-paris\\\/#primaryimage\",\"url\":\"https:\\\/\\\/www.impc.fr\\\/wp-content\\\/uploads\\\/2019\\\/04\\\/maps-ico.png\",\"contentUrl\":\"https:\\\/\\\/www.impc.fr\\\/wp-content\\\/uploads\\\/2019\\\/04\\\/maps-ico.png\"},{\"@type\":\"BreadcrumbList\",\"@id\":\"https:\\\/\\\/www.impc.fr\\\/centre-radiologie-paris\\\/#breadcrumb\",\"itemListElement\":[{\"@type\":\"ListItem\",\"position\":1,\"name\":\"Home\",\"item\":\"https:\\\/\\\/www.impc.fr\\\/\"},{\"@type\":\"ListItem\",\"position\":2,\"name\":\"Centres de radiologie Paris IMPC\"}]},{\"@type\":\"WebSite\",\"@id\":\"https:\\\/\\\/www.impc.fr\\\/#website\",\"url\":\"https:\\\/\\\/www.impc.fr\\\/\",\"name\":\"Groupe IMPC - Imagerie M\u00e9dicale\",\"description\":\"Centre de radiologie sur Paris\",\"publisher\":{\"@id\":\"https:\\\/\\\/www.impc.fr\\\/#organization\"},\"potentialAction\":[{\"@type\":\"SearchAction\",\"target\":{\"@type\":\"EntryPoint\",\"urlTemplate\":\"https:\\\/\\\/www.impc.fr\\\/?s={search_term_string}\"},\"query-input\":{\"@type\":\"PropertyValueSpecification\",\"valueRequired\":true,\"valueName\":\"search_term_string\"}}],\"inLanguage\":\"en-US\"},{\"@type\":\"Organization\",\"@id\":\"https:\\\/\\\/www.impc.fr\\\/#organization\",\"name\":\"Imagerie M\u00e9dicale Paris\",\"url\":\"https:\\\/\\\/www.impc.fr\\\/\",\"logo\":{\"@type\":\"ImageObject\",\"inLanguage\":\"en-US\",\"@id\":\"https:\\\/\\\/www.impc.fr\\\/#\\\/schema\\\/logo\\\/image\\\/\",\"url\":\"https:\\\/\\\/www.impc.fr\\\/wp-content\\\/uploads\\\/2018\\\/05\\\/IMPClogo.png\",\"contentUrl\":\"https:\\\/\\\/www.impc.fr\\\/wp-content\\\/uploads\\\/2018\\\/05\\\/IMPClogo.png\",\"width\":203,\"height\":186,\"caption\":\"Imagerie M\u00e9dicale Paris\"},\"image\":{\"@id\":\"https:\\\/\\\/www.impc.fr\\\/#\\\/schema\\\/logo\\\/image\\\/\"}}]}<\/script>\n<!-- \/ Yoast SEO plugin. -->","yoast_head_json":{"title":"Centres de radiologie Paris IMPC - Groupe IMPC - Imagerie M\u00e9dicale","robots":{"index":"index","follow":"follow","max-snippet":"max-snippet:-1","max-image-preview":"max-image-preview:large","max-video-preview":"max-video-preview:-1"},"canonical":"https:\/\/www.impc.fr\/en\/radiology-center-paris\/","og_locale":"en_US","og_type":"article","og_title":"Centres de radiologie Paris IMPC - Groupe IMPC - Imagerie M\u00e9dicale","og_description":"LES CENTRES IMPC Nos cabinets d'imagerie m\u00e9dicales en plein coeur de Paris\u00a0 \u00a0 \u00a0SCANNER - 12, rue Bachaumont, 75002 \u00a0\u00a0\u00a0 \u00a0IRM - 6 rue Bachaumont, 75002 \u00a0\u00a0\u00a0 \u00a0Mammographie - Radiographie - Echographie - Ost\u00e9odensitom\u00e9trie -\u00a080 rue Montmartre, 75002\u00a0 \u00a0\u00a0Clinique de Blomet - P\u00f4le Imagerie M\u00e9dical -\u00a0136bis, rue de Blomet, Paris 75015\u00a0 \u00a0Centre de Radiologie IMPC [&hellip;]","og_url":"https:\/\/www.impc.fr\/en\/radiology-center-paris\/","og_site_name":"Groupe IMPC - Imagerie M\u00e9dicale","article_modified_time":"2026-02-24T21:52:03+00:00","og_image":[{"width":42,"height":56,"url":"https:\/\/www.impc.fr\/wp-content\/uploads\/2019\/04\/maps-ico.png","type":"image\/png"}],"twitter_card":"summary_large_image","twitter_misc":{"Est. reading time":"5 minutes"},"schema":{"@context":"https:\/\/schema.org","@graph":[{"@type":"WebPage","@id":"https:\/\/www.impc.fr\/centre-radiologie-paris\/","url":"https:\/\/www.impc.fr\/centre-radiologie-paris\/","name":"Centres de radiologie Paris IMPC - Groupe IMPC - Imagerie M\u00e9dicale","isPartOf":{"@id":"https:\/\/www.impc.fr\/#website"},"primaryImageOfPage":{"@id":"https:\/\/www.impc.fr\/centre-radiologie-paris\/#primaryimage"},"image":{"@id":"https:\/\/www.impc.fr\/centre-radiologie-paris\/#primaryimage"},"thumbnailUrl":"https:\/\/www.impc.fr\/wp-content\/uploads\/2019\/04\/maps-ico.png","datePublished":"2019-04-19T09:39:19+00:00","dateModified":"2026-02-24T21:52:03+00:00","breadcrumb":{"@id":"https:\/\/www.impc.fr\/centre-radiologie-paris\/#breadcrumb"},"inLanguage":"en-US","potentialAction":[{"@type":"ReadAction","target":["https:\/\/www.impc.fr\/centre-radiologie-paris\/"]}]},{"@type":"ImageObject","inLanguage":"en-US","@id":"https:\/\/www.impc.fr\/centre-radiologie-paris\/#primaryimage","url":"https:\/\/www.impc.fr\/wp-content\/uploads\/2019\/04\/maps-ico.png","contentUrl":"https:\/\/www.impc.fr\/wp-content\/uploads\/2019\/04\/maps-ico.png"},{"@type":"BreadcrumbList","@id":"https:\/\/www.impc.fr\/centre-radiologie-paris\/#breadcrumb","itemListElement":[{"@type":"ListItem","position":1,"name":"Home","item":"https:\/\/www.impc.fr\/"},{"@type":"ListItem","position":2,"name":"Centres de radiologie Paris IMPC"}]},{"@type":"WebSite","@id":"https:\/\/www.impc.fr\/#website","url":"https:\/\/www.impc.fr\/","name":"Groupe IMPC - Imagerie M\u00e9dicale","description":"Centre de radiologie sur Paris","publisher":{"@id":"https:\/\/www.impc.fr\/#organization"},"potentialAction":[{"@type":"SearchAction","target":{"@type":"EntryPoint","urlTemplate":"https:\/\/www.impc.fr\/?s={search_term_string}"},"query-input":{"@type":"PropertyValueSpecification","valueRequired":true,"valueName":"search_term_string"}}],"inLanguage":"en-US"},{"@type":"Organization","@id":"https:\/\/www.impc.fr\/#organization","name":"Medical Imaging Paris","url":"https:\/\/www.impc.fr\/","logo":{"@type":"ImageObject","inLanguage":"en-US","@id":"https:\/\/www.impc.fr\/#\/schema\/logo\/image\/","url":"https:\/\/www.impc.fr\/wp-content\/uploads\/2018\/05\/IMPClogo.png","contentUrl":"https:\/\/www.impc.fr\/wp-content\/uploads\/2018\/05\/IMPClogo.png","width":203,"height":186,"caption":"Imagerie M\u00e9dicale Paris"},"image":{"@id":"https:\/\/www.impc.fr\/#\/schema\/logo\/image\/"}}]}},"_links":{"self":[{"href":"https:\/\/www.impc.fr\/en\/wp-json\/wp\/v2\/pages\/898","targetHints":{"allow":["GET"]}}],"collection":[{"href":"https:\/\/www.impc.fr\/en\/wp-json\/wp\/v2\/pages"}],"about":[{"href":"https:\/\/www.impc.fr\/en\/wp-json\/wp\/v2\/types\/page"}],"author":[{"embeddable":true,"href":"https:\/\/www.impc.fr\/en\/wp-json\/wp\/v2\/users\/1"}],"replies":[{"embeddable":true,"href":"https:\/\/www.impc.fr\/en\/wp-json\/wp\/v2\/comments?post=898"}],"version-history":[{"count":1,"href":"https:\/\/www.impc.fr\/en\/wp-json\/wp\/v2\/pages\/898\/revisions"}],"predecessor-version":[{"id":5872,"href":"https:\/\/www.impc.fr\/en\/wp-json\/wp\/v2\/pages\/898\/revisions\/5872"}],"wp:attachment":[{"href":"https:\/\/www.impc.fr\/en\/wp-json\/wp\/v2\/media?parent=898"}],"curies":[{"name":"wp","href":"https:\/\/api.w.org\/{rel}","templated":true}]}}