{"id":79,"date":"2018-05-30T10:27:42","date_gmt":"2018-05-30T10:27:42","guid":{"rendered":"http:\/\/www.impc.fr\/?page_id=79"},"modified":"2024-11-10T22:26:57","modified_gmt":"2024-11-10T22:26:57","slug":"rdvclinique-drouot","status":"publish","type":"page","link":"https:\/\/www.impc.fr\/en\/rdvclinique-drouot\/","title":{"rendered":"rdv - Clinique Drouot"},"content":{"rendered":"<p>[et_pb_section fb_built=\u00a0\u00bb1&Prime; admin_label=\u00a0\u00bbHero\u00a0\u00bb _builder_version=\u00a0\u00bb4.16&Prime; use_background_color_gradient=\u00a0\u00bbon\u00a0\u00bb background_color_gradient_stops=\u00a0\u00bbrgba(0,0,0,0.5) 0%|rgba(0,0,0,0) 100%\u00a0\u00bb background_color_gradient_overlays_image=\u00a0\u00bbon\u00a0\u00bb background_color_gradient_start=\u00a0\u00bbrgba(0,0,0,0.5)\u00a0\u00bb background_color_gradient_end=\u00a0\u00bbrgba(0,0,0,0)\u00a0\u00bb background_image=\u00a0\u00bbhttps:\/\/www.impc.fr\/wp-content\/uploads\/2018\/05\/irm.jpg\u00a0\u00bb custom_margin=\u00a0\u00bb|||\u00a0\u00bb custom_padding=\u00a0\u00bb0||0px||false|false\u00a0\u00bb bottom_divider_style=\u00a0\u00bbslant2&Prime; bottom_divider_color=\u00a0\u00bb#ffffff\u00a0\u00bb bottom_divider_flip=\u00a0\u00bbhorizontal\u00a0\u00bb animation_style=\u00a0\u00bbslide\u00a0\u00bb animation_direction=\u00a0\u00bbtop\u00a0\u00bb animation_intensity_slide=\u00a0\u00bb5%\u00a0\u00bb animation_starting_opacity=\u00a0\u00bb100%\u00a0\u00bb global_colors_info=\u00a0\u00bb{}\u00a0\u00bb][et_pb_row module_class=\u00a0\u00bb et_pb_row_fullwidth\u00a0\u00bb _builder_version=\u00a0\u00bb4.16&Prime; background_size=\u00a0\u00bbinitial\u00a0\u00bb background_position=\u00a0\u00bbtop_left\u00a0\u00bb background_repeat=\u00a0\u00bbrepeat\u00a0\u00bb width=\u00a0\u00bb89%\u00a0\u00bb width_tablet=\u00a0\u00bb80%\u00a0\u00bb width_phone=\u00a0\u00bb\u00a0\u00bb width_last_edited=\u00a0\u00bbon|desktop\u00a0\u00bb max_width=\u00a0\u00bb89%\u00a0\u00bb max_width_tablet=\u00a0\u00bb80%\u00a0\u00bb max_width_phone=\u00a0\u00bb\u00a0\u00bb max_width_last_edited=\u00a0\u00bbon|desktop\u00a0\u00bb custom_padding=\u00a0\u00bb63px|0|145px|0px|false|false\u00a0\u00bb make_fullwidth=\u00a0\u00bbon\u00a0\u00bb global_colors_info=\u00a0\u00bb{}\u00a0\u00bb][et_pb_column type=\u00a0\u00bb4_4&Prime; _builder_version=\u00a0\u00bb4.16&Prime; custom_padding=\u00a0\u00bb|||\u00a0\u00bb global_colors_info=\u00a0\u00bb{}\u00a0\u00bb custom_padding__hover=\u00a0\u00bb|||\u00a0\u00bb][et_pb_text admin_label=\u00a0\u00bbTitle\u00a0\u00bb _builder_version=\u00a0\u00bb4.16&Prime; text_font=\u00a0\u00bb||||||||\u00a0\u00bb header_font=\u00a0\u00bbMontserrat|600|||||||\u00a0\u00bb header_font_size=\u00a0\u00bb51px\u00a0\u00bb header_2_font=\u00a0\u00bbMontserrat||||||||\u00a0\u00bb header_2_text_color=\u00a0\u00bb#edd100&Prime; header_3_font=\u00a0\u00bb||||||||\u00a0\u00bb header_3_font_size=\u00a0\u00bb26px\u00a0\u00bb background_layout=\u00a0\u00bbdark\u00a0\u00bb animation_style=\u00a0\u00bbzoom\u00a0\u00bb animation_direction=\u00a0\u00bbleft\u00a0\u00bb animation_intensity_zoom=\u00a0\u00bb10%\u00a0\u00bb header_font_size_tablet=\u00a0\u00bb\u00a0\u00bb header_font_size_phone=\u00a0\u00bb72px\u00a0\u00bb header_font_size_last_edited=\u00a0\u00bbon|phone\u00a0\u00bb global_colors_info=\u00a0\u00bb{}\u00a0\u00bb]<\/p>\n<h1 style=\"text-align: left;\">Imagerie M\u00e9dicale Paris Centre<\/h1>\n<h1 style=\"text-align: left;\"><span style=\"font-size: xx-large; color: #a8a8a8;\">Portail de services en ligne<\/span><\/h1>\n<p style=\"text-align: left;\">[\/et_pb_text][\/et_pb_column][\/et_pb_row][\/et_pb_section][et_pb_section fb_built=\u00a0\u00bb1&Prime; _builder_version=\u00a0\u00bb4.16&Prime; global_colors_info=\u00a0\u00bb{}\u00a0\u00bb][et_pb_row column_structure=\u00a0\u00bb3_4,1_4&Prime; module_class=\u00a0\u00bb et_pb_row_fullwidth\u00a0\u00bb _builder_version=\u00a0\u00bb4.16&Prime; width=\u00a0\u00bb89%\u00a0\u00bb width_tablet=\u00a0\u00bb80%\u00a0\u00bb width_phone=\u00a0\u00bb\u00a0\u00bb width_last_edited=\u00a0\u00bbon|desktop\u00a0\u00bb max_width=\u00a0\u00bb89%\u00a0\u00bb max_width_tablet=\u00a0\u00bb80%\u00a0\u00bb max_width_phone=\u00a0\u00bb\u00a0\u00bb max_width_last_edited=\u00a0\u00bbon|desktop\u00a0\u00bb custom_margin=\u00a0\u00bb|||\u00a0\u00bb make_fullwidth=\u00a0\u00bbon\u00a0\u00bb global_colors_info=\u00a0\u00bb{}\u00a0\u00bb][et_pb_column type=\u00a0\u00bb3_4&Prime; _builder_version=\u00a0\u00bb4.16&Prime; custom_padding=\u00a0\u00bb|||20px\u00a0\u00bb global_colors_info=\u00a0\u00bb{}\u00a0\u00bb custom_padding__hover=\u00a0\u00bb|||\u00a0\u00bb][et_pb_text _builder_version=\u00a0\u00bb4.16&Prime; custom_margin=\u00a0\u00bb|0px||-16px\u00a0\u00bb custom_padding=\u00a0\u00bb|0px||0px\u00a0\u00bb global_colors_info=\u00a0\u00bb{}\u00a0\u00bb]<\/p>\n<h2>Prise de Rendez-Vous en ligne &#8211; Radiologie de la clinique de Drouot<\/h2>\n<p>[\/et_pb_text][et_pb_code _builder_version=\u00a0\u00bb4.17.4&Prime; global_colors_info=\u00a0\u00bb{}\u00a0\u00bb]<iframe scrolling=\"no\" src=\"https:\/\/partners.doctolib.fr\/centre-d-imagerie-medicale\/paris\/clinique-drouot-centre-de-radiologie\" style=\"height:904px; min-height: 304px; width: 80%\"><\/iframe><script src=\"https:\/\/www.doctolib.fr\/js\/iframeResizer.js\"><\/script><script>iFrameResize()<\/script>[\/et_pb_code][et_pb_text _builder_version=\u00a0\u00bb4.16&Prime; text_font=\u00a0\u00bb||||||||\u00a0\u00bb text_font_size=\u00a0\u00bb17px\u00a0\u00bb global_colors_info=\u00a0\u00bb{}\u00a0\u00bb]<\/p>\n<p><a href=\"https:\/\/www.impc.fr\/rdv-irm-scanner\/\"><span style=\"text-decoration: underline;\">Vous ne parvenez pas \u00e0 prendre rendez-vous en ligne ? Cliquez-ici pour \u00eatre rappel\u00e9 par notre secr\u00e9tariat<\/span><\/a><\/p>\n<p>[\/et_pb_text][\/et_pb_column][et_pb_column type=\u00a0\u00bb1_4&Prime; _builder_version=\u00a0\u00bb4.16&Prime; custom_padding=\u00a0\u00bb|0px||0px\u00a0\u00bb global_colors_info=\u00a0\u00bb{}\u00a0\u00bb custom_padding__hover=\u00a0\u00bb|||\u00a0\u00bb][et_pb_divider show_divider=\u00a0\u00bboff\u00a0\u00bb _builder_version=\u00a0\u00bb4.16&Prime; height=\u00a0\u00bb79px\u00a0\u00bb global_colors_info=\u00a0\u00bb{}\u00a0\u00bb][\/et_pb_divider][et_pb_image src=\u00a0\u00bbhttps:\/\/www.impc.fr\/wp-content\/uploads\/2018\/06\/IMPC-1.jpg\u00a0\u00bb show_in_lightbox=\u00a0\u00bbon\u00a0\u00bb align_tablet=\u00a0\u00bbcenter\u00a0\u00bb align_phone=\u00a0\u00bb\u00a0\u00bb align_last_edited=\u00a0\u00bbon|desktop\u00a0\u00bb _builder_version=\u00a0\u00bb4.16&Prime; custom_margin=\u00a0\u00bb|||-80px\u00a0\u00bb global_colors_info=\u00a0\u00bb{}\u00a0\u00bb][\/et_pb_image][et_pb_text _builder_version=\u00a0\u00bb4.16&Prime; header_font=\u00a0\u00bb||||||||\u00a0\u00bb header_3_font=\u00a0\u00bb||||||||\u00a0\u00bb header_3_font_size=\u00a0\u00bb24px\u00a0\u00bb header_5_font=\u00a0\u00bb||||||||\u00a0\u00bb header_5_text_align=\u00a0\u00bbleft\u00a0\u00bb header_5_line_height=\u00a0\u00bb1.2em\u00a0\u00bb custom_margin=\u00a0\u00bb|||-44px\u00a0\u00bb custom_padding=\u00a0\u00bb|0px||0px\u00a0\u00bb global_colors_info=\u00a0\u00bb{}\u00a0\u00bb]<\/p>\n<blockquote>\n<h3 style=\"text-align: left;\">Vous ne trouvez pas un rendez-vous qui vous convienne ?<\/h3>\n<\/blockquote>\n<h5 style=\"text-align: left;\">Nous vous proposons un autre centre d&rsquo;imagerie IMPC proche :<\/h5>\n<p>[\/et_pb_text][et_pb_text _builder_version=\u00a0\u00bb4.16&Prime; header_font=\u00a0\u00bb||||||||\u00a0\u00bb header_4_font=\u00a0\u00bb||||||||\u00a0\u00bb header_5_font=\u00a0\u00bb||||||||\u00a0\u00bb header_5_text_align=\u00a0\u00bbcenter\u00a0\u00bb header_5_text_color=\u00a0\u00bb#0b20bf\u00a0\u00bb header_5_font_size=\u00a0\u00bb20px\u00a0\u00bb header_5_line_height=\u00a0\u00bb1.2em\u00a0\u00bb custom_margin=\u00a0\u00bb|||-44px\u00a0\u00bb global_colors_info=\u00a0\u00bb{}\u00a0\u00bb]<\/p>\n<h5 style=\"text-align: left;\"><span style=\"text-decoration: underline;\"><a href=\"https:\/\/www.impc.fr\/impc-montmartre\/\" target=\"_blank\" rel=\"noopener noreferrer\" title=\"Centre de radiologie de Montmartre - IMPC\">Centre de radiologie de Bachaumont, Paris 75002<\/a><\/span><\/h5>\n<p>[\/et_pb_text][et_pb_text _builder_version=\u00a0\u00bb4.16&Prime; header_font=\u00a0\u00bb||||||||\u00a0\u00bb header_3_font=\u00a0\u00bb||||||||\u00a0\u00bb header_3_font_size=\u00a0\u00bb24px\u00a0\u00bb header_5_font=\u00a0\u00bb||||||||\u00a0\u00bb header_5_text_align=\u00a0\u00bbleft\u00a0\u00bb header_5_line_height=\u00a0\u00bb1.2em\u00a0\u00bb custom_margin=\u00a0\u00bb|||-44px\u00a0\u00bb custom_padding=\u00a0\u00bb|0px||0px\u00a0\u00bb global_colors_info=\u00a0\u00bb{}\u00a0\u00bb]<\/p>\n<blockquote>\n<h3 style=\"text-align: left;\">ou<\/h3>\n<\/blockquote>\n<p>[\/et_pb_text][et_pb_text _builder_version=\u00a0\u00bb4.27.2&Prime; header_font=\u00a0\u00bb||||||||\u00a0\u00bb header_4_font=\u00a0\u00bb||||||||\u00a0\u00bb header_5_font=\u00a0\u00bb||||||||\u00a0\u00bb header_5_text_align=\u00a0\u00bbcenter\u00a0\u00bb header_5_text_color=\u00a0\u00bb#0b20bf\u00a0\u00bb header_5_font_size=\u00a0\u00bb20px\u00a0\u00bb header_5_line_height=\u00a0\u00bb1.2em\u00a0\u00bb custom_margin=\u00a0\u00bb|||-44px\u00a0\u00bb hover_enabled=\u00a0\u00bb0&Prime; global_colors_info=\u00a0\u00bb{}\u00a0\u00bb sticky_enabled=\u00a0\u00bb0&Prime;]<\/p>\n<h5 style=\"text-align: left;\"><span style=\"text-decoration: underline;\"><a href=\"https:\/\/www.impc.fr\/rdvbelleville\/\" target=\"_blank\" rel=\"noopener noreferrer\" title=\"Centre de radiologie de Montmartre - IMPC\">Centre de radiologie de Belleville, Paris 75020<\/a><\/span><\/h5>\n<p>[\/et_pb_text][et_pb_text _builder_version=\u00a0\u00bb4.16&Prime; header_font=\u00a0\u00bb||||||||\u00a0\u00bb header_5_font=\u00a0\u00bb||||||||\u00a0\u00bb header_5_text_align=\u00a0\u00bbleft\u00a0\u00bb header_5_line_height=\u00a0\u00bb1.2em\u00a0\u00bb custom_margin=\u00a0\u00bb|||-44px\u00a0\u00bb custom_padding=\u00a0\u00bb|0px||0px\u00a0\u00bb global_colors_info=\u00a0\u00bb{}\u00a0\u00bb]<\/p>\n<h5 style=\"text-align: left;\">Vous pouvez toujours revenir \u00e0 l&rsquo;accueil afin de s\u00e9lectionner le centre de votre choix.\u00a0<\/h5>\n<p>[\/et_pb_text][et_pb_button button_url=\u00a0\u00bbhttps:\/\/www.impc.fr\u00a0\u00bb button_text=\u00a0\u00bbRevenir vers l&rsquo;accueil\u00a0\u00bb _builder_version=\u00a0\u00bb4.16&Prime; global_colors_info=\u00a0\u00bb{}\u00a0\u00bb button_text_size__hover_enabled=\u00a0\u00bboff\u00a0\u00bb button_one_text_size__hover_enabled=\u00a0\u00bboff\u00a0\u00bb button_two_text_size__hover_enabled=\u00a0\u00bboff\u00a0\u00bb button_text_color__hover_enabled=\u00a0\u00bboff\u00a0\u00bb button_one_text_color__hover_enabled=\u00a0\u00bboff\u00a0\u00bb button_two_text_color__hover_enabled=\u00a0\u00bboff\u00a0\u00bb button_border_width__hover_enabled=\u00a0\u00bboff\u00a0\u00bb button_one_border_width__hover_enabled=\u00a0\u00bboff\u00a0\u00bb button_two_border_width__hover_enabled=\u00a0\u00bboff\u00a0\u00bb button_border_color__hover_enabled=\u00a0\u00bboff\u00a0\u00bb button_one_border_color__hover_enabled=\u00a0\u00bboff\u00a0\u00bb button_two_border_color__hover_enabled=\u00a0\u00bboff\u00a0\u00bb button_border_radius__hover_enabled=\u00a0\u00bboff\u00a0\u00bb button_one_border_radius__hover_enabled=\u00a0\u00bboff\u00a0\u00bb button_two_border_radius__hover_enabled=\u00a0\u00bboff\u00a0\u00bb button_letter_spacing__hover_enabled=\u00a0\u00bboff\u00a0\u00bb button_one_letter_spacing__hover_enabled=\u00a0\u00bboff\u00a0\u00bb button_two_letter_spacing__hover_enabled=\u00a0\u00bboff\u00a0\u00bb button_bg_color__hover_enabled=\u00a0\u00bboff\u00a0\u00bb button_one_bg_color__hover_enabled=\u00a0\u00bboff\u00a0\u00bb button_two_bg_color__hover_enabled=\u00a0\u00bboff\u00a0\u00bb][\/et_pb_button][\/et_pb_column][\/et_pb_row][\/et_pb_section]<\/p>\n","protected":false},"excerpt":{"rendered":"<p>Imagerie M\u00e9dicale Paris Centre Portail de services en ligne Prise de Rendez-Vous en ligne &#8211; Radiologie de la clinique de DrouotVous ne parvenez pas \u00e0 prendre rendez-vous en ligne ? Cliquez-ici pour \u00eatre rappel\u00e9 par notre secr\u00e9tariat Vous ne trouvez pas un rendez-vous qui vous convienne ? Nous vous proposons un autre centre d&rsquo;imagerie IMPC [&hellip;]<\/p>\n","protected":false},"author":1,"featured_media":0,"parent":0,"menu_order":0,"comment_status":"closed","ping_status":"closed","template":"","meta":{"_et_pb_use_builder":"on","_et_pb_old_content":"","_et_gb_content_width":"","footnotes":""},"class_list":["post-79","page","type-page","status-publish","hentry"],"yoast_head":"<!-- This site is optimized with the Yoast SEO plugin v27.4 - https:\/\/yoast.com\/product\/yoast-seo-wordpress\/ -->\n<title>rdv - Clinique Drouot - Groupe IMPC - Imagerie M\u00e9dicale<\/title>\n<meta name=\"robots\" content=\"index, follow, max-snippet:-1, max-image-preview:large, max-video-preview:-1\" \/>\n<link rel=\"canonical\" href=\"https:\/\/www.impc.fr\/en\/rdvclinique-drouot\/\" \/>\n<meta property=\"og:locale\" content=\"en_US\" \/>\n<meta property=\"og:type\" content=\"article\" \/>\n<meta property=\"og:title\" content=\"rdv - Clinique Drouot - Groupe IMPC - Imagerie M\u00e9dicale\" \/>\n<meta property=\"og:description\" content=\"Imagerie M\u00e9dicale Paris Centre Portail de services en ligne Prise de Rendez-Vous en ligne - Radiologie de la clinique de DrouotVous ne parvenez pas \u00e0 prendre rendez-vous en ligne ? Cliquez-ici pour \u00eatre rappel\u00e9 par notre secr\u00e9tariat Vous ne trouvez pas un rendez-vous qui vous convienne ? Nous vous proposons un autre centre d&#039;imagerie IMPC [&hellip;]\" \/>\n<meta property=\"og:url\" content=\"https:\/\/www.impc.fr\/en\/rdvclinique-drouot\/\" \/>\n<meta property=\"og:site_name\" content=\"Groupe IMPC - Imagerie M\u00e9dicale\" \/>\n<meta property=\"article:modified_time\" content=\"2024-11-10T22:26:57+00:00\" \/>\n<meta name=\"twitter:card\" content=\"summary_large_image\" \/>\n<meta name=\"twitter:label1\" content=\"Est. reading time\" \/>\n\t<meta name=\"twitter:data1\" content=\"4 minutes\" \/>\n<script type=\"application\/ld+json\" class=\"yoast-schema-graph\">{\"@context\":\"https:\\\/\\\/schema.org\",\"@graph\":[{\"@type\":\"WebPage\",\"@id\":\"https:\\\/\\\/www.impc.fr\\\/rdvclinique-drouot\\\/\",\"url\":\"https:\\\/\\\/www.impc.fr\\\/rdvclinique-drouot\\\/\",\"name\":\"rdv - Clinique Drouot - Groupe IMPC - Imagerie M\u00e9dicale\",\"isPartOf\":{\"@id\":\"https:\\\/\\\/www.impc.fr\\\/#website\"},\"datePublished\":\"2018-05-30T10:27:42+00:00\",\"dateModified\":\"2024-11-10T22:26:57+00:00\",\"breadcrumb\":{\"@id\":\"https:\\\/\\\/www.impc.fr\\\/rdvclinique-drouot\\\/#breadcrumb\"},\"inLanguage\":\"en-US\",\"potentialAction\":[{\"@type\":\"ReadAction\",\"target\":[\"https:\\\/\\\/www.impc.fr\\\/rdvclinique-drouot\\\/\"]}]},{\"@type\":\"BreadcrumbList\",\"@id\":\"https:\\\/\\\/www.impc.fr\\\/rdvclinique-drouot\\\/#breadcrumb\",\"itemListElement\":[{\"@type\":\"ListItem\",\"position\":1,\"name\":\"Home\",\"item\":\"https:\\\/\\\/www.impc.fr\\\/\"},{\"@type\":\"ListItem\",\"position\":2,\"name\":\"rdv &#8211; Clinique Drouot\"}]},{\"@type\":\"WebSite\",\"@id\":\"https:\\\/\\\/www.impc.fr\\\/#website\",\"url\":\"https:\\\/\\\/www.impc.fr\\\/\",\"name\":\"Groupe IMPC - Imagerie M\u00e9dicale\",\"description\":\"Centre de radiologie sur Paris\",\"publisher\":{\"@id\":\"https:\\\/\\\/www.impc.fr\\\/#organization\"},\"potentialAction\":[{\"@type\":\"SearchAction\",\"target\":{\"@type\":\"EntryPoint\",\"urlTemplate\":\"https:\\\/\\\/www.impc.fr\\\/?s={search_term_string}\"},\"query-input\":{\"@type\":\"PropertyValueSpecification\",\"valueRequired\":true,\"valueName\":\"search_term_string\"}}],\"inLanguage\":\"en-US\"},{\"@type\":\"Organization\",\"@id\":\"https:\\\/\\\/www.impc.fr\\\/#organization\",\"name\":\"Imagerie M\u00e9dicale Paris\",\"url\":\"https:\\\/\\\/www.impc.fr\\\/\",\"logo\":{\"@type\":\"ImageObject\",\"inLanguage\":\"en-US\",\"@id\":\"https:\\\/\\\/www.impc.fr\\\/#\\\/schema\\\/logo\\\/image\\\/\",\"url\":\"https:\\\/\\\/www.impc.fr\\\/wp-content\\\/uploads\\\/2018\\\/05\\\/IMPClogo.png\",\"contentUrl\":\"https:\\\/\\\/www.impc.fr\\\/wp-content\\\/uploads\\\/2018\\\/05\\\/IMPClogo.png\",\"width\":203,\"height\":186,\"caption\":\"Imagerie M\u00e9dicale Paris\"},\"image\":{\"@id\":\"https:\\\/\\\/www.impc.fr\\\/#\\\/schema\\\/logo\\\/image\\\/\"}}]}<\/script>\n<!-- \/ Yoast SEO plugin. -->","yoast_head_json":{"title":"rdv - Clinique Drouot - Groupe IMPC - Imagerie M\u00e9dicale","robots":{"index":"index","follow":"follow","max-snippet":"max-snippet:-1","max-image-preview":"max-image-preview:large","max-video-preview":"max-video-preview:-1"},"canonical":"https:\/\/www.impc.fr\/en\/rdvclinique-drouot\/","og_locale":"en_US","og_type":"article","og_title":"rdv - Clinique Drouot - Groupe IMPC - Imagerie M\u00e9dicale","og_description":"Imagerie M\u00e9dicale Paris Centre Portail de services en ligne Prise de Rendez-Vous en ligne - Radiologie de la clinique de DrouotVous ne parvenez pas \u00e0 prendre rendez-vous en ligne ? Cliquez-ici pour \u00eatre rappel\u00e9 par notre secr\u00e9tariat Vous ne trouvez pas un rendez-vous qui vous convienne ? Nous vous proposons un autre centre d'imagerie IMPC [&hellip;]","og_url":"https:\/\/www.impc.fr\/en\/rdvclinique-drouot\/","og_site_name":"Groupe IMPC - Imagerie M\u00e9dicale","article_modified_time":"2024-11-10T22:26:57+00:00","twitter_card":"summary_large_image","twitter_misc":{"Est. reading time":"4 minutes"},"schema":{"@context":"https:\/\/schema.org","@graph":[{"@type":"WebPage","@id":"https:\/\/www.impc.fr\/rdvclinique-drouot\/","url":"https:\/\/www.impc.fr\/rdvclinique-drouot\/","name":"rdv - Clinique Drouot - Groupe IMPC - Imagerie M\u00e9dicale","isPartOf":{"@id":"https:\/\/www.impc.fr\/#website"},"datePublished":"2018-05-30T10:27:42+00:00","dateModified":"2024-11-10T22:26:57+00:00","breadcrumb":{"@id":"https:\/\/www.impc.fr\/rdvclinique-drouot\/#breadcrumb"},"inLanguage":"en-US","potentialAction":[{"@type":"ReadAction","target":["https:\/\/www.impc.fr\/rdvclinique-drouot\/"]}]},{"@type":"BreadcrumbList","@id":"https:\/\/www.impc.fr\/rdvclinique-drouot\/#breadcrumb","itemListElement":[{"@type":"ListItem","position":1,"name":"Home","item":"https:\/\/www.impc.fr\/"},{"@type":"ListItem","position":2,"name":"rdv &#8211; Clinique Drouot"}]},{"@type":"WebSite","@id":"https:\/\/www.impc.fr\/#website","url":"https:\/\/www.impc.fr\/","name":"Groupe IMPC - Imagerie M\u00e9dicale","description":"Centre de radiologie sur Paris","publisher":{"@id":"https:\/\/www.impc.fr\/#organization"},"potentialAction":[{"@type":"SearchAction","target":{"@type":"EntryPoint","urlTemplate":"https:\/\/www.impc.fr\/?s={search_term_string}"},"query-input":{"@type":"PropertyValueSpecification","valueRequired":true,"valueName":"search_term_string"}}],"inLanguage":"en-US"},{"@type":"Organization","@id":"https:\/\/www.impc.fr\/#organization","name":"Medical Imaging Paris","url":"https:\/\/www.impc.fr\/","logo":{"@type":"ImageObject","inLanguage":"en-US","@id":"https:\/\/www.impc.fr\/#\/schema\/logo\/image\/","url":"https:\/\/www.impc.fr\/wp-content\/uploads\/2018\/05\/IMPClogo.png","contentUrl":"https:\/\/www.impc.fr\/wp-content\/uploads\/2018\/05\/IMPClogo.png","width":203,"height":186,"caption":"Imagerie M\u00e9dicale Paris"},"image":{"@id":"https:\/\/www.impc.fr\/#\/schema\/logo\/image\/"}}]}},"_links":{"self":[{"href":"https:\/\/www.impc.fr\/en\/wp-json\/wp\/v2\/pages\/79","targetHints":{"allow":["GET"]}}],"collection":[{"href":"https:\/\/www.impc.fr\/en\/wp-json\/wp\/v2\/pages"}],"about":[{"href":"https:\/\/www.impc.fr\/en\/wp-json\/wp\/v2\/types\/page"}],"author":[{"embeddable":true,"href":"https:\/\/www.impc.fr\/en\/wp-json\/wp\/v2\/users\/1"}],"replies":[{"embeddable":true,"href":"https:\/\/www.impc.fr\/en\/wp-json\/wp\/v2\/comments?post=79"}],"version-history":[{"count":0,"href":"https:\/\/www.impc.fr\/en\/wp-json\/wp\/v2\/pages\/79\/revisions"}],"wp:attachment":[{"href":"https:\/\/www.impc.fr\/en\/wp-json\/wp\/v2\/media?parent=79"}],"curies":[{"name":"wp","href":"https:\/\/api.w.org\/{rel}","templated":true}]}}