{"id":1857,"date":"2022-04-17T01:39:36","date_gmt":"2022-04-17T01:39:36","guid":{"rendered":"https:\/\/www.impc.fr\/?page_id=1857"},"modified":"2023-07-02T10:53:37","modified_gmt":"2023-07-02T10:53:37","slug":"doctor-david-petrover","status":"publish","type":"page","link":"https:\/\/www.impc.fr\/en\/docteur-david-petrover\/","title":{"rendered":"Dr David Petrover"},"content":{"rendered":"<p>[et_pb_section fb_built=\u00a0\u00bb1&Prime; admin_label=\u00a0\u00bbHero\u00a0\u00bb _builder_version=\u00a0\u00bb4.16&Prime; use_background_color_gradient=\u00a0\u00bbon\u00a0\u00bb background_color_gradient_stops=\u00a0\u00bbrgba(0,0,0,0.5) 0%|rgba(0,0,0,0) 100%\u00a0\u00bb background_color_gradient_overlays_image=\u00a0\u00bbon\u00a0\u00bb background_color_gradient_start=\u00a0\u00bbrgba(0,0,0,0.5)\u00a0\u00bb background_color_gradient_end=\u00a0\u00bbrgba(0,0,0,0)\u00a0\u00bb background_image=\u00a0\u00bbhttps:\/\/www.impc.fr\/wp-content\/uploads\/2020\/06\/irm-centre-radiologie.jpg\u00a0\u00bb custom_margin=\u00a0\u00bb|||\u00a0\u00bb custom_padding=\u00a0\u00bb0||0px||false|false\u00a0\u00bb bottom_divider_color=\u00a0\u00bb#ffffff\u00a0\u00bb bottom_divider_flip=\u00a0\u00bbhorizontal\u00a0\u00bb animation_style=\u00a0\u00bbslide\u00a0\u00bb animation_direction=\u00a0\u00bbtop\u00a0\u00bb animation_intensity_slide=\u00a0\u00bb5%\u00a0\u00bb animation_starting_opacity=\u00a0\u00bb100%\u00a0\u00bb global_colors_info=\u00a0\u00bb{}\u00a0\u00bb][et_pb_row column_structure=\u00a0\u00bb3_5,2_5&Prime; module_class=\u00a0\u00bb et_pb_row_fullwidth\u00a0\u00bb _builder_version=\u00a0\u00bb4.16&Prime; background_size=\u00a0\u00bbinitial\u00a0\u00bb background_position=\u00a0\u00bbtop_left\u00a0\u00bb background_repeat=\u00a0\u00bbrepeat\u00a0\u00bb width=\u00a0\u00bb74%\u00a0\u00bb width_tablet=\u00a0\u00bb80%\u00a0\u00bb width_phone=\u00a0\u00bb\u00a0\u00bb width_last_edited=\u00a0\u00bbon|desktop\u00a0\u00bb max_width=\u00a0\u00bb89%\u00a0\u00bb max_width_tablet=\u00a0\u00bb80%\u00a0\u00bb max_width_phone=\u00a0\u00bb\u00a0\u00bb max_width_last_edited=\u00a0\u00bbon|desktop\u00a0\u00bb custom_padding=\u00a0\u00bb94px|0|141px|0px|false|false\u00a0\u00bb make_fullwidth=\u00a0\u00bbon\u00a0\u00bb global_colors_info=\u00a0\u00bb{}\u00a0\u00bb][et_pb_column type=\u00a0\u00bb3_5&Prime; _builder_version=\u00a0\u00bb4.16&Prime; custom_padding=\u00a0\u00bb|||\u00a0\u00bb global_colors_info=\u00a0\u00bb{}\u00a0\u00bb custom_padding__hover=\u00a0\u00bb|||\u00a0\u00bb][et_pb_text admin_label=\u00a0\u00bbTitle\u00a0\u00bb _builder_version=\u00a0\u00bb4.21.0&Prime; text_font=\u00a0\u00bb||||||||\u00a0\u00bb header_font=\u00a0\u00bbPoppins||||||||\u00a0\u00bb header_font_size=\u00a0\u00bb51px\u00a0\u00bb header_2_font=\u00a0\u00bbMontserrat||||||||\u00a0\u00bb header_2_text_color=\u00a0\u00bb#ffffff\u00a0\u00bb header_2_font_size=\u00a0\u00bb42px\u00a0\u00bb header_3_font=\u00a0\u00bb||||||||\u00a0\u00bb header_3_text_color=\u00a0\u00bb#ffcc00&Prime; header_3_font_size=\u00a0\u00bb28px\u00a0\u00bb background_layout=\u00a0\u00bbdark\u00a0\u00bb animation_style=\u00a0\u00bbzoom\u00a0\u00bb animation_direction=\u00a0\u00bbleft\u00a0\u00bb animation_intensity_zoom=\u00a0\u00bb10%\u00a0\u00bb header_font_size_tablet=\u00a0\u00bb\u00a0\u00bb header_font_size_phone=\u00a0\u00bb50px\u00a0\u00bb header_font_size_last_edited=\u00a0\u00bbon|phone\u00a0\u00bb global_colors_info=\u00a0\u00bb{}\u00a0\u00bb]<\/p>\n<h1 style=\"text-align: left;\">Docteur David Petrover<\/h1>\n<p>[\/et_pb_text][et_pb_text _builder_version=\u00a0\u00bb4.16&Prime; text_text_color=\u00a0\u00bb#ffcc00&Prime; text_font_size=\u00a0\u00bb27px\u00a0\u00bb text_line_height=\u00a0\u00bb1.4em\u00a0\u00bb header_font=\u00a0\u00bb||||||||\u00a0\u00bb header_3_font=\u00a0\u00bb|600|||||||\u00a0\u00bb header_3_text_color=\u00a0\u00bb#ffcc00&Prime; header_3_font_size=\u00a0\u00bb34px\u00a0\u00bb header_3_line_height=\u00a0\u00bb1.6em\u00a0\u00bb custom_margin=\u00a0\u00bb-35px||\u00a0\u00bb header_3_font_size_tablet=\u00a0\u00bb\u00a0\u00bb header_3_font_size_phone=\u00a0\u00bb29px\u00a0\u00bb header_3_font_size_last_edited=\u00a0\u00bbon|desktop\u00a0\u00bb global_colors_info=\u00a0\u00bb{}\u00a0\u00bb]<\/p>\n<p>Radiologue sp\u00e9cialis\u00e9 dans les pathologies ost\u00e9o-articulaire<\/p>\n<p>[\/et_pb_text][\/et_pb_column][et_pb_column type=\u00a0\u00bb2_5&Prime; _builder_version=\u00a0\u00bb4.16&Prime; custom_padding=\u00a0\u00bb|||\u00a0\u00bb global_colors_info=\u00a0\u00bb{}\u00a0\u00bb custom_padding__hover=\u00a0\u00bb|||\u00a0\u00bb][\/et_pb_column][\/et_pb_row][\/et_pb_section][et_pb_section fb_built=\u00a0\u00bb1&Prime; _builder_version=\u00a0\u00bb4.16&Prime; custom_padding=\u00a0\u00bb82px|||||\u00a0\u00bb global_colors_info=\u00a0\u00bb{}\u00a0\u00bb][et_pb_row column_structure=\u00a0\u00bb2_3,1_3&Prime; _builder_version=\u00a0\u00bb4.16&Prime; width=\u00a0\u00bb84%\u00a0\u00bb max_width=\u00a0\u00bb1373px\u00a0\u00bb make_fullwidth=\u00a0\u00bbon\u00a0\u00bb global_colors_info=\u00a0\u00bb{}\u00a0\u00bb locked=\u00a0\u00bboff\u00a0\u00bb][et_pb_column type=\u00a0\u00bb2_3&Prime; _builder_version=\u00a0\u00bb4.16&Prime; custom_padding=\u00a0\u00bb|||\u00a0\u00bb global_colors_info=\u00a0\u00bb{}\u00a0\u00bb custom_padding__hover=\u00a0\u00bb|||\u00a0\u00bb][et_pb_team_member name=\u00a0\u00bbDocteur David Petrover\u00a0\u00bb position=\u00a0\u00bbRadiologue interventionnel et diagnostic\u00a0\u00bb image_url=\u00a0\u00bbhttps:\/\/www.impc.fr\/wp-content\/uploads\/2022\/04\/david.png\u00a0\u00bb _builder_version=\u00a0\u00bb4.21.0&Prime; hover_enabled=\u00a0\u00bb0&Prime; global_colors_info=\u00a0\u00bb{}\u00a0\u00bb header_level=\u00a0\u00bbh2&Prime; sticky_enabled=\u00a0\u00bb0&Prime;]<\/p>\n<p>&nbsp;<\/p>\n<ul>\n<li>Ancien interne et chef de clinique des H\u00f4pitaux de Paris<\/li>\n<li>Praticien Hospitalier attach\u00e9 Pole Locomoteur Rhumatologie et Chirurgie Orthop\u00e9dique, H\u00f4pital Lariboisiere<\/li>\n<li>Pr\u00e9sident de l&rsquo;association Mini Interventionnel Radiologique et Echo-chirurgie (MIRE)<\/li>\n<li>Microchirurgie du Syndrome du Canal Carpien<\/li>\n<li>Specialiste en Imagerie Traumatologique Sport Echochirurgie et Infiltration<\/li>\n<li>Consultant Federation Tennis &#8211; Roland Garros, Federation Fran\u00e7aise Golf (FFG), Paris-Saint Germain (PSG)<\/li>\n<li>Ancien Visitor Fellow NewYork University (NYU)<\/li>\n<li>Membre de la Societ\u00e9 francaise de radiologie (SFR-SIMS)<\/li>\n<li>Membre de l&rsquo;International Skeletal Society (ISS)<\/li>\n<li>Membre du Comit\u00e9 scientifique du CFIM de la de la Societ\u00e9 Francaise de Radiologie<\/li>\n<li><span style=\"text-decoration: underline;\"><a href=\"https:\/\/centrecanalcarpien.com\/publications\/\">Direction et Participation \u00e0 la r\u00e9daction d\u2019ouvrages (Encyclop\u00e9die Imagerie Rhumatologie et Traumatologie &#8211; Savoir Faire en ost\u00e9o-articulaire &#8211; L&rsquo;echo-chirurgie &#8211; L&rsquo;echographie interventionnel )<\/a><\/span><\/li>\n<li><span style=\"text-decoration: underline;\"><a href=\"https:\/\/centrecanalcarpien.com\/publications\/\">Auteur et participation \u00e0 la r\u00e9daction d\u2019articles dans des revues m\u00e9dicales scientifiques internationales<\/a><\/span><\/li>\n<\/ul>\n<p>&nbsp;<\/p>\n<p>[\/et_pb_team_member][\/et_pb_column][et_pb_column type=\u00a0\u00bb1_3&Prime; _builder_version=\u00a0\u00bb4.16&Prime; custom_padding=\u00a0\u00bb80px|||\u00a0\u00bb global_colors_info=\u00a0\u00bb{}\u00a0\u00bb custom_padding__hover=\u00a0\u00bb|||\u00a0\u00bb][et_pb_text _builder_version=\u00a0\u00bb4.21.0&Prime; _module_preset=\u00a0\u00bbdefault\u00a0\u00bb header_2_font=\u00a0\u00bbPoppins||||||||\u00a0\u00bb header_2_font_size=\u00a0\u00bb20px\u00a0\u00bb hover_enabled=\u00a0\u00bb0&Prime; global_colors_info=\u00a0\u00bb{}\u00a0\u00bb sticky_enabled=\u00a0\u00bb0&Prime; custom_margin_last_edited=\u00a0\u00bbon|desktop\u00a0\u00bb custom_margin=\u00a0\u00bb-70px||||false|false\u00a0\u00bb custom_margin_tablet=\u00a0\u00bb-70px||||false|false\u00a0\u00bb custom_margin_phone=\u00a0\u00bb-70px||||false|false\u00a0\u00bb]<\/p>\n<h2 style=\"text-align: center;\">Expertise du Dr David Petrover<\/h2>\n<p>[\/et_pb_text][et_pb_blurb title=\u00a0\u00bbIRM du genou\u00a0\u00bb url=\u00a0\u00bbhttps:\/\/www.impc.fr\/irm-du-genou\/\u00a0\u00bb use_icon=\u00a0\u00bbon\u00a0\u00bb font_icon=\u00a0\u00bb&#x24;||divi||400&Prime; icon_color=\u00a0\u00bb#FFFFFF\u00a0\u00bb icon_placement=\u00a0\u00bbleft\u00a0\u00bb image_icon_width=\u00a0\u00bb37px\u00a0\u00bb _builder_version=\u00a0\u00bb4.21.0&Prime; _module_preset=\u00a0\u00bbdefault\u00a0\u00bb header_level=\u00a0\u00bbh3&Prime; header_font=\u00a0\u00bbPoppins||||||||\u00a0\u00bb header_text_color=\u00a0\u00bb#FFFFFF\u00a0\u00bb header_font_size=\u00a0\u00bb19px\u00a0\u00bb header_line_height=\u00a0\u00bb1.9em\u00a0\u00bb background_color=\u00a0\u00bb#004c63&Prime; custom_padding=\u00a0\u00bb9px|||13px|false|false\u00a0\u00bb link_option_url=\u00a0\u00bbhttps:\/\/www.impc.fr\/irm-du-genou\/\u00a0\u00bb border_radii=\u00a0\u00bbon|12px|12px|12px|12px\u00a0\u00bb global_colors_info=\u00a0\u00bb{}\u00a0\u00bb][\/et_pb_blurb][et_pb_blurb title=\u00a0\u00bbIRM du rachis lombaire\u00a0\u00bb url=\u00a0\u00bbhttps:\/\/www.impc.fr\/irm-lombaire\/\u00a0\u00bb use_icon=\u00a0\u00bbon\u00a0\u00bb font_icon=\u00a0\u00bb&#x24;||divi||400&Prime; icon_color=\u00a0\u00bb#FFFFFF\u00a0\u00bb icon_placement=\u00a0\u00bbleft\u00a0\u00bb image_icon_width=\u00a0\u00bb37px\u00a0\u00bb _builder_version=\u00a0\u00bb4.21.0&Prime; _module_preset=\u00a0\u00bbdefault\u00a0\u00bb header_level=\u00a0\u00bbh3&Prime; header_font=\u00a0\u00bbPoppins||||||||\u00a0\u00bb header_text_color=\u00a0\u00bb#FFFFFF\u00a0\u00bb header_font_size=\u00a0\u00bb19px\u00a0\u00bb header_line_height=\u00a0\u00bb1.9em\u00a0\u00bb background_color=\u00a0\u00bb#004c63&Prime; custom_margin=\u00a0\u00bb-16px||||false|false\u00a0\u00bb custom_padding=\u00a0\u00bb9px|||13px|false|false\u00a0\u00bb link_option_url=\u00a0\u00bbhttps:\/\/www.impc.fr\/irm-lombaire\/\u00a0\u00bb border_radii=\u00a0\u00bbon|12px|12px|12px|12px\u00a0\u00bb global_colors_info=\u00a0\u00bb{}\u00a0\u00bb][\/et_pb_blurb][et_pb_blurb title=\u00a0\u00bbEcho chirurgie canal carpien\u00a0\u00bb url=\u00a0\u00bbhttps:\/\/centrecanalcarpien.com\/canal-carpien-nouveau-traitement\/\u00a0\u00bb use_icon=\u00a0\u00bbon\u00a0\u00bb font_icon=\u00a0\u00bb&#x24;||divi||400&Prime; icon_color=\u00a0\u00bb#FFFFFF\u00a0\u00bb icon_placement=\u00a0\u00bbleft\u00a0\u00bb image_icon_width=\u00a0\u00bb37px\u00a0\u00bb _builder_version=\u00a0\u00bb4.21.0&Prime; _module_preset=\u00a0\u00bbdefault\u00a0\u00bb header_level=\u00a0\u00bbh3&Prime; header_font=\u00a0\u00bbPoppins||||||||\u00a0\u00bb header_text_color=\u00a0\u00bb#FFFFFF\u00a0\u00bb header_font_size=\u00a0\u00bb19px\u00a0\u00bb header_line_height=\u00a0\u00bb1.9em\u00a0\u00bb background_color=\u00a0\u00bb#004c63&Prime; custom_margin=\u00a0\u00bb-16px||||false|false\u00a0\u00bb custom_padding=\u00a0\u00bb9px|||13px|false|false\u00a0\u00bb link_option_url=\u00a0\u00bbhttps:\/\/centrecanalcarpien.com\/canal-carpien-nouveau-traitement\/\u00a0\u00bb border_radii=\u00a0\u00bbon|12px|12px|12px|12px\u00a0\u00bb global_colors_info=\u00a0\u00bb{}\u00a0\u00bb][\/et_pb_blurb][et_pb_blurb title=\u00a0\u00bbInfiltration \u00e9paule\u00a0\u00bb url=\u00a0\u00bbhttps:\/\/www.impc.fr\/irm-lombaire\/\u00a0\u00bb use_icon=\u00a0\u00bbon\u00a0\u00bb font_icon=\u00a0\u00bb&#x24;||divi||400&Prime; icon_color=\u00a0\u00bb#FFFFFF\u00a0\u00bb icon_placement=\u00a0\u00bbleft\u00a0\u00bb image_icon_width=\u00a0\u00bb37px\u00a0\u00bb _builder_version=\u00a0\u00bb4.21.0&Prime; _module_preset=\u00a0\u00bbdefault\u00a0\u00bb header_level=\u00a0\u00bbh3&Prime; header_font=\u00a0\u00bbPoppins||||||||\u00a0\u00bb header_text_color=\u00a0\u00bb#FFFFFF\u00a0\u00bb header_font_size=\u00a0\u00bb19px\u00a0\u00bb header_line_height=\u00a0\u00bb1.9em\u00a0\u00bb background_color=\u00a0\u00bb#ffcc00&Prime; custom_margin=\u00a0\u00bb-16px||||false|false\u00a0\u00bb custom_padding=\u00a0\u00bb9px|||13px|false|false\u00a0\u00bb link_option_url=\u00a0\u00bbhttps:\/\/www.impc.fr\/irm-lombaire\/\u00a0\u00bb border_radii=\u00a0\u00bbon|12px|12px|12px|12px\u00a0\u00bb global_colors_info=\u00a0\u00bb{}\u00a0\u00bb][\/et_pb_blurb][et_pb_blurb title=\u00a0\u00bbInfiltration du rachis lombaire\u00a0\u00bb url=\u00a0\u00bbhttps:\/\/www.impc.fr\/infiltration-du-rachis-lombaire\/\u00a0\u00bb use_icon=\u00a0\u00bbon\u00a0\u00bb font_icon=\u00a0\u00bb&#x24;||divi||400&Prime; icon_color=\u00a0\u00bb#FFFFFF\u00a0\u00bb icon_placement=\u00a0\u00bbleft\u00a0\u00bb image_icon_width=\u00a0\u00bb37px\u00a0\u00bb _builder_version=\u00a0\u00bb4.21.0&Prime; _module_preset=\u00a0\u00bbdefault\u00a0\u00bb header_level=\u00a0\u00bbh3&Prime; header_font=\u00a0\u00bbPoppins||||||||\u00a0\u00bb header_text_color=\u00a0\u00bb#FFFFFF\u00a0\u00bb header_font_size=\u00a0\u00bb19px\u00a0\u00bb header_line_height=\u00a0\u00bb1.9em\u00a0\u00bb background_color=\u00a0\u00bb#ffcc00&Prime; custom_margin=\u00a0\u00bb-16px||||false|false\u00a0\u00bb custom_padding=\u00a0\u00bb9px|||13px|false|false\u00a0\u00bb link_option_url=\u00a0\u00bbhttps:\/\/www.impc.fr\/infiltration-du-rachis-lombaire\/\u00a0\u00bb hover_enabled=\u00a0\u00bb0&Prime; border_radii=\u00a0\u00bbon|12px|12px|12px|12px\u00a0\u00bb global_colors_info=\u00a0\u00bb{}\u00a0\u00bb sticky_enabled=\u00a0\u00bb0&Prime;][\/et_pb_blurb][et_pb_blurb title=\u00a0\u00bbInfiltration poignet\u00a0\u00bb url=\u00a0\u00bbhttps:\/\/www.impc.fr\/infiltration-poignet\/\u00a0\u00bb use_icon=\u00a0\u00bbon\u00a0\u00bb font_icon=\u00a0\u00bb&#x24;||divi||400&Prime; icon_color=\u00a0\u00bb#FFFFFF\u00a0\u00bb icon_placement=\u00a0\u00bbleft\u00a0\u00bb image_icon_width=\u00a0\u00bb37px\u00a0\u00bb _builder_version=\u00a0\u00bb4.21.0&Prime; _module_preset=\u00a0\u00bbdefault\u00a0\u00bb header_level=\u00a0\u00bbh3&Prime; header_font=\u00a0\u00bbPoppins||||||||\u00a0\u00bb header_text_color=\u00a0\u00bb#FFFFFF\u00a0\u00bb header_font_size=\u00a0\u00bb19px\u00a0\u00bb header_line_height=\u00a0\u00bb1.9em\u00a0\u00bb background_color=\u00a0\u00bb#ffcc00&Prime; custom_margin=\u00a0\u00bb-16px||||false|false\u00a0\u00bb custom_padding=\u00a0\u00bb9px|||13px|false|false\u00a0\u00bb link_option_url=\u00a0\u00bbhttps:\/\/www.impc.fr\/infiltration-poignet\/\u00a0\u00bb border_radii=\u00a0\u00bbon|12px|12px|12px|12px\u00a0\u00bb global_colors_info=\u00a0\u00bb{}\u00a0\u00bb][\/et_pb_blurb][et_pb_blurb title=\u00a0\u00bbInfiltration genou\u00a0\u00bb url=\u00a0\u00bbhttps:\/\/www.impc.fr\/infiltration-genou\/\u00a0\u00bb use_icon=\u00a0\u00bbon\u00a0\u00bb font_icon=\u00a0\u00bb&#x24;||divi||400&Prime; icon_color=\u00a0\u00bb#FFFFFF\u00a0\u00bb icon_placement=\u00a0\u00bbleft\u00a0\u00bb image_icon_width=\u00a0\u00bb37px\u00a0\u00bb _builder_version=\u00a0\u00bb4.21.0&Prime; _module_preset=\u00a0\u00bbdefault\u00a0\u00bb header_level=\u00a0\u00bbh3&Prime; header_font=\u00a0\u00bbPoppins||||||||\u00a0\u00bb header_text_color=\u00a0\u00bb#FFFFFF\u00a0\u00bb header_font_size=\u00a0\u00bb19px\u00a0\u00bb header_line_height=\u00a0\u00bb1.9em\u00a0\u00bb background_color=\u00a0\u00bb#ffcc00&Prime; custom_margin=\u00a0\u00bb-16px||||false|false\u00a0\u00bb custom_padding=\u00a0\u00bb9px|||13px|false|false\u00a0\u00bb link_option_url=\u00a0\u00bbhttps:\/\/www.impc.fr\/infiltration-genou\/\u00a0\u00bb border_radii=\u00a0\u00bbon|12px|12px|12px|12px\u00a0\u00bb global_colors_info=\u00a0\u00bb{}\u00a0\u00bb][\/et_pb_blurb][et_pb_blurb title=\u00a0\u00bbInfiltration cheville\u00a0\u00bb url=\u00a0\u00bbhttps:\/\/www.impc.fr\/infiltration-cheville\/\u00a0\u00bb use_icon=\u00a0\u00bbon\u00a0\u00bb font_icon=\u00a0\u00bb&#x24;||divi||400&Prime; icon_color=\u00a0\u00bb#FFFFFF\u00a0\u00bb icon_placement=\u00a0\u00bbleft\u00a0\u00bb image_icon_width=\u00a0\u00bb37px\u00a0\u00bb _builder_version=\u00a0\u00bb4.21.0&Prime; _module_preset=\u00a0\u00bbdefault\u00a0\u00bb header_level=\u00a0\u00bbh3&Prime; header_font=\u00a0\u00bbPoppins||||||||\u00a0\u00bb header_text_color=\u00a0\u00bb#FFFFFF\u00a0\u00bb header_font_size=\u00a0\u00bb19px\u00a0\u00bb header_line_height=\u00a0\u00bb1.9em\u00a0\u00bb background_color=\u00a0\u00bb#ffcc00&Prime; custom_margin=\u00a0\u00bb-16px||||false|false\u00a0\u00bb custom_padding=\u00a0\u00bb9px|||13px|false|false\u00a0\u00bb link_option_url=\u00a0\u00bbhttps:\/\/www.impc.fr\/infiltration-cheville\/\u00a0\u00bb border_radii=\u00a0\u00bbon|12px|12px|12px|12px\u00a0\u00bb locked=\u00a0\u00bboff\u00a0\u00bb global_colors_info=\u00a0\u00bb{}\u00a0\u00bb][\/et_pb_blurb][et_pb_blurb title=\u00a0\u00bbPrise de rendez-vous Doctolib\u00a0\u00bb url=\u00a0\u00bbhttps:\/\/www.doctolib.fr\/radiologue\/paris\/david-petrover\u00a0\u00bb use_icon=\u00a0\u00bbon\u00a0\u00bb font_icon=\u00a0\u00bb&#xf274;||fa||400&Prime; icon_color=\u00a0\u00bb#004c63&Prime; icon_placement=\u00a0\u00bbleft\u00a0\u00bb image_icon_width=\u00a0\u00bb37px\u00a0\u00bb _builder_version=\u00a0\u00bb4.21.0&Prime; _module_preset=\u00a0\u00bbdefault\u00a0\u00bb header_level=\u00a0\u00bbh3&Prime; header_font=\u00a0\u00bbPoppins||||||||\u00a0\u00bb header_text_color=\u00a0\u00bb#004c63&Prime; header_font_size=\u00a0\u00bb19px\u00a0\u00bb header_line_height=\u00a0\u00bb1.9em\u00a0\u00bb custom_margin=\u00a0\u00bb-16px||||false|false\u00a0\u00bb custom_padding=\u00a0\u00bb9px|||13px|false|false\u00a0\u00bb link_option_url=\u00a0\u00bbhttps:\/\/www.doctolib.fr\/radiologue\/paris\/david-petrover\u00a0\u00bb hover_enabled=\u00a0\u00bb0&Prime; border_radii=\u00a0\u00bbon|12px|12px|12px|12px\u00a0\u00bb global_colors_info=\u00a0\u00bb{}\u00a0\u00bb background_enable_color=\u00a0\u00bboff\u00a0\u00bb border_width_all=\u00a0\u00bb3px\u00a0\u00bb border_color_all=\u00a0\u00bb#004c63&Prime; sticky_enabled=\u00a0\u00bb0&Prime;][\/et_pb_blurb][\/et_pb_column][\/et_pb_row][\/et_pb_section]<\/p>\n","protected":false},"excerpt":{"rendered":"<p>Docteur David PetroverRadiologue sp\u00e9cialis\u00e9 dans les pathologies ost\u00e9o-articulaire&nbsp; Ancien interne et chef de clinique des H\u00f4pitaux de Paris Praticien Hospitalier attach\u00e9 Pole Locomoteur Rhumatologie et Chirurgie Orthop\u00e9dique, H\u00f4pital Lariboisiere Pr\u00e9sident de l&rsquo;association Mini Interventionnel Radiologique et Echo-chirurgie (MIRE) Microchirurgie du Syndrome du Canal Carpien Specialiste en Imagerie Traumatologique Sport Echochirurgie et Infiltration Consultant Federation Tennis [&hellip;]<\/p>\n","protected":false},"author":1,"featured_media":0,"parent":0,"menu_order":0,"comment_status":"closed","ping_status":"closed","template":"","meta":{"_et_pb_use_builder":"on","_et_pb_old_content":"","_et_gb_content_width":"","footnotes":""},"class_list":["post-1857","page","type-page","status-publish","hentry"],"yoast_head":"<!-- This site is optimized with the Yoast SEO plugin v27.3 - https:\/\/yoast.com\/product\/yoast-seo-wordpress\/ -->\n<title>Dr David Petrover - Groupe IMPC - Imagerie M\u00e9dicale<\/title>\n<meta name=\"description\" content=\"Le Dr David Petrover, Radiologue Diagnostique et Interventionnel MSK, expert en Imagerie de M\u00e9decine du Sport, \u00e9chochirurgie du Canal Carpien...\" \/>\n<meta name=\"robots\" content=\"index, follow, max-snippet:-1, max-image-preview:large, max-video-preview:-1\" \/>\n<link rel=\"canonical\" href=\"https:\/\/www.impc.fr\/en\/doctor-david-petrover\/\" \/>\n<meta property=\"og:locale\" content=\"en_US\" \/>\n<meta property=\"og:type\" content=\"article\" \/>\n<meta property=\"og:title\" content=\"Dr David Petrover - Groupe IMPC - Imagerie M\u00e9dicale\" \/>\n<meta property=\"og:description\" content=\"Le Dr David Petrover, Radiologue Diagnostique et Interventionnel MSK, expert en Imagerie de M\u00e9decine du Sport, \u00e9chochirurgie du Canal Carpien...\" \/>\n<meta property=\"og:url\" content=\"https:\/\/www.impc.fr\/en\/doctor-david-petrover\/\" \/>\n<meta property=\"og:site_name\" content=\"Groupe IMPC - Imagerie M\u00e9dicale\" \/>\n<meta property=\"article:modified_time\" content=\"2023-07-02T10:53:37+00:00\" \/>\n<meta name=\"twitter:card\" content=\"summary_large_image\" \/>\n<meta name=\"twitter:label1\" content=\"Est. reading time\" \/>\n\t<meta name=\"twitter:data1\" content=\"3 minutes\" \/>\n<script type=\"application\/ld+json\" class=\"yoast-schema-graph\">{\"@context\":\"https:\\\/\\\/schema.org\",\"@graph\":[{\"@type\":\"WebPage\",\"@id\":\"https:\\\/\\\/www.impc.fr\\\/docteur-david-petrover\\\/\",\"url\":\"https:\\\/\\\/www.impc.fr\\\/docteur-david-petrover\\\/\",\"name\":\"Dr David Petrover - Groupe IMPC - Imagerie M\u00e9dicale\",\"isPartOf\":{\"@id\":\"https:\\\/\\\/www.impc.fr\\\/#website\"},\"datePublished\":\"2022-04-17T01:39:36+00:00\",\"dateModified\":\"2023-07-02T10:53:37+00:00\",\"description\":\"Le Dr David Petrover, Radiologue Diagnostique et Interventionnel MSK, expert en Imagerie de M\u00e9decine du Sport, \u00e9chochirurgie du Canal Carpien...\",\"breadcrumb\":{\"@id\":\"https:\\\/\\\/www.impc.fr\\\/docteur-david-petrover\\\/#breadcrumb\"},\"inLanguage\":\"en-US\",\"potentialAction\":[{\"@type\":\"ReadAction\",\"target\":[\"https:\\\/\\\/www.impc.fr\\\/docteur-david-petrover\\\/\"]}]},{\"@type\":\"BreadcrumbList\",\"@id\":\"https:\\\/\\\/www.impc.fr\\\/docteur-david-petrover\\\/#breadcrumb\",\"itemListElement\":[{\"@type\":\"ListItem\",\"position\":1,\"name\":\"Home\",\"item\":\"https:\\\/\\\/www.impc.fr\\\/\"},{\"@type\":\"ListItem\",\"position\":2,\"name\":\"Dr David Petrover\"}]},{\"@type\":\"WebSite\",\"@id\":\"https:\\\/\\\/www.impc.fr\\\/#website\",\"url\":\"https:\\\/\\\/www.impc.fr\\\/\",\"name\":\"Groupe IMPC - Imagerie M\u00e9dicale\",\"description\":\"Centre de radiologie sur Paris\",\"publisher\":{\"@id\":\"https:\\\/\\\/www.impc.fr\\\/#organization\"},\"potentialAction\":[{\"@type\":\"SearchAction\",\"target\":{\"@type\":\"EntryPoint\",\"urlTemplate\":\"https:\\\/\\\/www.impc.fr\\\/?s={search_term_string}\"},\"query-input\":{\"@type\":\"PropertyValueSpecification\",\"valueRequired\":true,\"valueName\":\"search_term_string\"}}],\"inLanguage\":\"en-US\"},{\"@type\":\"Organization\",\"@id\":\"https:\\\/\\\/www.impc.fr\\\/#organization\",\"name\":\"Imagerie M\u00e9dicale Paris\",\"url\":\"https:\\\/\\\/www.impc.fr\\\/\",\"logo\":{\"@type\":\"ImageObject\",\"inLanguage\":\"en-US\",\"@id\":\"https:\\\/\\\/www.impc.fr\\\/#\\\/schema\\\/logo\\\/image\\\/\",\"url\":\"https:\\\/\\\/www.impc.fr\\\/wp-content\\\/uploads\\\/2018\\\/05\\\/IMPClogo.png\",\"contentUrl\":\"https:\\\/\\\/www.impc.fr\\\/wp-content\\\/uploads\\\/2018\\\/05\\\/IMPClogo.png\",\"width\":203,\"height\":186,\"caption\":\"Imagerie M\u00e9dicale Paris\"},\"image\":{\"@id\":\"https:\\\/\\\/www.impc.fr\\\/#\\\/schema\\\/logo\\\/image\\\/\"}}]}<\/script>\n<!-- \/ Yoast SEO plugin. -->","yoast_head_json":{"title":"Dr David Petrover - Groupe IMPC - Imagerie M\u00e9dicale","description":"Dr David Petrover, MSK Diagnostic and Interventional Radiologist, expert in Sports Medicine Imaging, Carpal Tunnel echosurgery...","robots":{"index":"index","follow":"follow","max-snippet":"max-snippet:-1","max-image-preview":"max-image-preview:large","max-video-preview":"max-video-preview:-1"},"canonical":"https:\/\/www.impc.fr\/en\/doctor-david-petrover\/","og_locale":"en_US","og_type":"article","og_title":"Dr David Petrover - Groupe IMPC - Imagerie M\u00e9dicale","og_description":"Le Dr David Petrover, Radiologue Diagnostique et Interventionnel MSK, expert en Imagerie de M\u00e9decine du Sport, \u00e9chochirurgie du Canal Carpien...","og_url":"https:\/\/www.impc.fr\/en\/doctor-david-petrover\/","og_site_name":"Groupe IMPC - Imagerie M\u00e9dicale","article_modified_time":"2023-07-02T10:53:37+00:00","twitter_card":"summary_large_image","twitter_misc":{"Est. reading time":"3 minutes"},"schema":{"@context":"https:\/\/schema.org","@graph":[{"@type":"WebPage","@id":"https:\/\/www.impc.fr\/docteur-david-petrover\/","url":"https:\/\/www.impc.fr\/docteur-david-petrover\/","name":"Dr David Petrover - Groupe IMPC - Imagerie M\u00e9dicale","isPartOf":{"@id":"https:\/\/www.impc.fr\/#website"},"datePublished":"2022-04-17T01:39:36+00:00","dateModified":"2023-07-02T10:53:37+00:00","description":"Dr David Petrover, MSK Diagnostic and Interventional Radiologist, expert in Sports Medicine Imaging, Carpal Tunnel echosurgery...","breadcrumb":{"@id":"https:\/\/www.impc.fr\/docteur-david-petrover\/#breadcrumb"},"inLanguage":"en-US","potentialAction":[{"@type":"ReadAction","target":["https:\/\/www.impc.fr\/docteur-david-petrover\/"]}]},{"@type":"BreadcrumbList","@id":"https:\/\/www.impc.fr\/docteur-david-petrover\/#breadcrumb","itemListElement":[{"@type":"ListItem","position":1,"name":"Home","item":"https:\/\/www.impc.fr\/"},{"@type":"ListItem","position":2,"name":"Dr David Petrover"}]},{"@type":"WebSite","@id":"https:\/\/www.impc.fr\/#website","url":"https:\/\/www.impc.fr\/","name":"Groupe IMPC - Imagerie M\u00e9dicale","description":"Centre de radiologie sur Paris","publisher":{"@id":"https:\/\/www.impc.fr\/#organization"},"potentialAction":[{"@type":"SearchAction","target":{"@type":"EntryPoint","urlTemplate":"https:\/\/www.impc.fr\/?s={search_term_string}"},"query-input":{"@type":"PropertyValueSpecification","valueRequired":true,"valueName":"search_term_string"}}],"inLanguage":"en-US"},{"@type":"Organization","@id":"https:\/\/www.impc.fr\/#organization","name":"Medical Imaging Paris","url":"https:\/\/www.impc.fr\/","logo":{"@type":"ImageObject","inLanguage":"en-US","@id":"https:\/\/www.impc.fr\/#\/schema\/logo\/image\/","url":"https:\/\/www.impc.fr\/wp-content\/uploads\/2018\/05\/IMPClogo.png","contentUrl":"https:\/\/www.impc.fr\/wp-content\/uploads\/2018\/05\/IMPClogo.png","width":203,"height":186,"caption":"Imagerie M\u00e9dicale Paris"},"image":{"@id":"https:\/\/www.impc.fr\/#\/schema\/logo\/image\/"}}]}},"_links":{"self":[{"href":"https:\/\/www.impc.fr\/en\/wp-json\/wp\/v2\/pages\/1857","targetHints":{"allow":["GET"]}}],"collection":[{"href":"https:\/\/www.impc.fr\/en\/wp-json\/wp\/v2\/pages"}],"about":[{"href":"https:\/\/www.impc.fr\/en\/wp-json\/wp\/v2\/types\/page"}],"author":[{"embeddable":true,"href":"https:\/\/www.impc.fr\/en\/wp-json\/wp\/v2\/users\/1"}],"replies":[{"embeddable":true,"href":"https:\/\/www.impc.fr\/en\/wp-json\/wp\/v2\/comments?post=1857"}],"version-history":[{"count":0,"href":"https:\/\/www.impc.fr\/en\/wp-json\/wp\/v2\/pages\/1857\/revisions"}],"wp:attachment":[{"href":"https:\/\/www.impc.fr\/en\/wp-json\/wp\/v2\/media?parent=1857"}],"curies":[{"name":"wp","href":"https:\/\/api.w.org\/{rel}","templated":true}]}}